{"id":2036,"date":"2016-08-01T15:37:54","date_gmt":"2016-08-01T14:37:54","guid":{"rendered":"http:\/\/marneantic.com\/index.php\/produit\/grand-verre-de-table-ancien-5\/"},"modified":"2016-08-01T15:45:30","modified_gmt":"2016-08-01T14:45:30","slug":"grand-verre-de-table-ancien-5","status":"publish","type":"product","link":"https:\/\/marneantic.com\/index.php\/produit\/grand-verre-de-table-ancien-5\/","title":{"rendered":"Grand verre de table ancien"},"content":{"rendered":"","protected":false},"excerpt":{"rendered":"<p>grand verre de table ancien en tr\u00e8s bon \u00e9tat d\u00e9cor\u00e9 d&rsquo;un double liser\u00e9 cisel\u00e9,hauteur:17cm,diam\u00e8tre du buvant:7cm,diametre du pied:7.5cm<\/p>\n","protected":false},"featured_media":2037,"comment_status":"closed","ping_status":"closed","template":"","meta":{"_et_pb_use_builder":"","_et_pb_old_content":"","_et_gb_content_width":""},"product_cat":[10,11],"product_tag":[],"_links":{"self":[{"href":"https:\/\/marneantic.com\/index.php\/wp-json\/wp\/v2\/product\/2036"}],"collection":[{"href":"https:\/\/marneantic.com\/index.php\/wp-json\/wp\/v2\/product"}],"about":[{"href":"https:\/\/marneantic.com\/index.php\/wp-json\/wp\/v2\/types\/product"}],"replies":[{"embeddable":true,"href":"https:\/\/marneantic.com\/index.php\/wp-json\/wp\/v2\/comments?post=2036"}],"wp:featuredmedia":[{"embeddable":true,"href":"https:\/\/marneantic.com\/index.php\/wp-json\/wp\/v2\/media\/2037"}],"wp:attachment":[{"href":"https:\/\/marneantic.com\/index.php\/wp-json\/wp\/v2\/media?parent=2036"}],"wp:term":[{"taxonomy":"product_cat","embeddable":true,"href":"https:\/\/marneantic.com\/index.php\/wp-json\/wp\/v2\/product_cat?post=2036"},{"taxonomy":"product_tag","embeddable":true,"href":"https:\/\/marneantic.com\/index.php\/wp-json\/wp\/v2\/product_tag?post=2036"}],"curies":[{"name":"wp","href":"https:\/\/api.w.org\/{rel}","templated":true}]}}