{"id":20430,"date":"2023-09-13T13:42:58","date_gmt":"2023-09-13T12:42:58","guid":{"rendered":"https:\/\/marneantic.com\/?post_type=product&#038;p=20430"},"modified":"2026-02-13T09:39:52","modified_gmt":"2026-02-13T08:39:52","slug":"tasse-a-the-art-deco-ancienne-en-porcelaine-de-limoges","status":"publish","type":"product","link":"https:\/\/marneantic.com\/index.php\/produit\/tasse-a-the-art-deco-ancienne-en-porcelaine-de-limoges\/","title":{"rendered":"Tasse a th\u00e9 art-d\u00e9co ancienne en porcelaine de Limoges"},"content":{"rendered":"","protected":false},"excerpt":{"rendered":"<p><span style=\"font-family: Arial; font-size: large;\">Tasse a th\u00e9 art-d\u00e9co ancienne en porcelaine de Limoges, manufacture Unique vers 1930 en tr\u00e8s bon \u00e9tat<\/span><\/p>\n<div><span style=\"font-family: Arial; font-size: large;\">hauteur:5cm<\/span><\/div>\n<div><span style=\"font-family: Arial; font-size: large;\">diametre:9.3cm<\/span><\/div>\n<div><span style=\"font-family: Arial; font-size: large;\">diam\u00e8tre soucoupe:14.7cm<\/span><\/div>\n","protected":false},"featured_media":20431,"comment_status":"closed","ping_status":"closed","template":"","meta":{"_et_pb_use_builder":"","_et_pb_old_content":"","_et_gb_content_width":""},"product_cat":[26,7],"product_tag":[],"_links":{"self":[{"href":"https:\/\/marneantic.com\/index.php\/wp-json\/wp\/v2\/product\/20430"}],"collection":[{"href":"https:\/\/marneantic.com\/index.php\/wp-json\/wp\/v2\/product"}],"about":[{"href":"https:\/\/marneantic.com\/index.php\/wp-json\/wp\/v2\/types\/product"}],"replies":[{"embeddable":true,"href":"https:\/\/marneantic.com\/index.php\/wp-json\/wp\/v2\/comments?post=20430"}],"wp:featuredmedia":[{"embeddable":true,"href":"https:\/\/marneantic.com\/index.php\/wp-json\/wp\/v2\/media\/20431"}],"wp:attachment":[{"href":"https:\/\/marneantic.com\/index.php\/wp-json\/wp\/v2\/media?parent=20430"}],"wp:term":[{"taxonomy":"product_cat","embeddable":true,"href":"https:\/\/marneantic.com\/index.php\/wp-json\/wp\/v2\/product_cat?post=20430"},{"taxonomy":"product_tag","embeddable":true,"href":"https:\/\/marneantic.com\/index.php\/wp-json\/wp\/v2\/product_tag?post=20430"}],"curies":[{"name":"wp","href":"https:\/\/api.w.org\/{rel}","templated":true}]}}