{"id":20480,"date":"2023-09-22T15:55:03","date_gmt":"2023-09-22T14:55:03","guid":{"rendered":"https:\/\/marneantic.com\/?post_type=product&#038;p=20480"},"modified":"2025-10-25T16:17:38","modified_gmt":"2025-10-25T15:17:38","slug":"pot-a-creme-ancien-en-porcelaine","status":"publish","type":"product","link":"https:\/\/marneantic.com\/index.php\/produit\/pot-a-creme-ancien-en-porcelaine\/","title":{"rendered":"Pot \u00e0 cr\u00e8me ancien en porcelaine"},"content":{"rendered":"","protected":false},"excerpt":{"rendered":"<p>pot \u00e0 cr\u00e8me ancien en porcelaine, en tr\u00e8s bon \u00e9tat<\/p>\n<div>hauteur:8cm<\/div>\n<div>diametre:6.3cm<\/div>\n<div>aucune marque de fabrique<\/div>\n","protected":false},"featured_media":20483,"comment_status":"open","ping_status":"closed","template":"","meta":{"_et_pb_use_builder":"","_et_pb_old_content":"","_et_gb_content_width":""},"product_cat":[28,7],"product_tag":[],"_links":{"self":[{"href":"https:\/\/marneantic.com\/index.php\/wp-json\/wp\/v2\/product\/20480"}],"collection":[{"href":"https:\/\/marneantic.com\/index.php\/wp-json\/wp\/v2\/product"}],"about":[{"href":"https:\/\/marneantic.com\/index.php\/wp-json\/wp\/v2\/types\/product"}],"replies":[{"embeddable":true,"href":"https:\/\/marneantic.com\/index.php\/wp-json\/wp\/v2\/comments?post=20480"}],"wp:featuredmedia":[{"embeddable":true,"href":"https:\/\/marneantic.com\/index.php\/wp-json\/wp\/v2\/media\/20483"}],"wp:attachment":[{"href":"https:\/\/marneantic.com\/index.php\/wp-json\/wp\/v2\/media?parent=20480"}],"wp:term":[{"taxonomy":"product_cat","embeddable":true,"href":"https:\/\/marneantic.com\/index.php\/wp-json\/wp\/v2\/product_cat?post=20480"},{"taxonomy":"product_tag","embeddable":true,"href":"https:\/\/marneantic.com\/index.php\/wp-json\/wp\/v2\/product_tag?post=20480"}],"curies":[{"name":"wp","href":"https:\/\/api.w.org\/{rel}","templated":true}]}}