{"id":20552,"date":"2023-09-27T12:27:22","date_gmt":"2023-09-27T11:27:22","guid":{"rendered":"https:\/\/marneantic.com\/?post_type=product&#038;p=20552"},"modified":"2023-09-27T12:29:02","modified_gmt":"2023-09-27T11:29:02","slug":"ancienne-assiette-malicorne-pbx-decor-bretonne","status":"publish","type":"product","link":"https:\/\/marneantic.com\/index.php\/produit\/ancienne-assiette-malicorne-pbx-decor-bretonne\/","title":{"rendered":"Ancienne assiette Malicorne PBx d\u00e9cor bretonne"},"content":{"rendered":"","protected":false},"excerpt":{"rendered":"<p>Ancienne assiette en fa\u00efence de Malicorne sign\u00e9e PBx, d\u00e9cor bretonne<\/p>\n<div>bon \u00e9tat, a signaler un petit saut d&rsquo;\u00e9mail(voir photo)<\/div>\n<div>diam\u00e8tre:24.5cm<\/div>\n","protected":false},"featured_media":20555,"comment_status":"closed","ping_status":"closed","template":"","meta":{"_et_pb_use_builder":"","_et_pb_old_content":"","_et_gb_content_width":""},"product_cat":[27,14,8],"product_tag":[],"_links":{"self":[{"href":"https:\/\/marneantic.com\/index.php\/wp-json\/wp\/v2\/product\/20552"}],"collection":[{"href":"https:\/\/marneantic.com\/index.php\/wp-json\/wp\/v2\/product"}],"about":[{"href":"https:\/\/marneantic.com\/index.php\/wp-json\/wp\/v2\/types\/product"}],"replies":[{"embeddable":true,"href":"https:\/\/marneantic.com\/index.php\/wp-json\/wp\/v2\/comments?post=20552"}],"wp:featuredmedia":[{"embeddable":true,"href":"https:\/\/marneantic.com\/index.php\/wp-json\/wp\/v2\/media\/20555"}],"wp:attachment":[{"href":"https:\/\/marneantic.com\/index.php\/wp-json\/wp\/v2\/media?parent=20552"}],"wp:term":[{"taxonomy":"product_cat","embeddable":true,"href":"https:\/\/marneantic.com\/index.php\/wp-json\/wp\/v2\/product_cat?post=20552"},{"taxonomy":"product_tag","embeddable":true,"href":"https:\/\/marneantic.com\/index.php\/wp-json\/wp\/v2\/product_tag?post=20552"}],"curies":[{"name":"wp","href":"https:\/\/api.w.org\/{rel}","templated":true}]}}