{"id":20583,"date":"2023-09-28T14:12:44","date_gmt":"2023-09-28T13:12:44","guid":{"rendered":"https:\/\/marneantic.com\/?post_type=product&#038;p=20583"},"modified":"2023-09-28T14:20:04","modified_gmt":"2023-09-28T13:20:04","slug":"sucrier-ancien-en-metal-argente","status":"publish","type":"product","link":"https:\/\/marneantic.com\/index.php\/produit\/sucrier-ancien-en-metal-argente\/","title":{"rendered":"Sucrier ancien en m\u00e9tal argent\u00e9"},"content":{"rendered":"","protected":false},"excerpt":{"rendered":"<p><span style=\"font-family: Arial;\">Sucrier ancien en m\u00e9tal argent\u00e9 poin\u00e7onn\u00e9, origine France, belles ciselures, les m\u00e9daillons sont vierge, en tr\u00e8s bon \u00e9tat<\/span><\/p>\n<div><span style=\"font-family: Arial;\">hauteur a la poign\u00e9e:19cm<\/span><\/div>\n<div><span style=\"font-family: Arial;\">diam\u00e8tre hors poign\u00e9es:13cm<\/span><\/div>\n<div><\/div>\n","protected":false},"featured_media":20584,"comment_status":"closed","ping_status":"closed","template":"","meta":{"_et_pb_use_builder":"","_et_pb_old_content":"","_et_gb_content_width":""},"product_cat":[12,44,26],"product_tag":[],"_links":{"self":[{"href":"https:\/\/marneantic.com\/index.php\/wp-json\/wp\/v2\/product\/20583"}],"collection":[{"href":"https:\/\/marneantic.com\/index.php\/wp-json\/wp\/v2\/product"}],"about":[{"href":"https:\/\/marneantic.com\/index.php\/wp-json\/wp\/v2\/types\/product"}],"replies":[{"embeddable":true,"href":"https:\/\/marneantic.com\/index.php\/wp-json\/wp\/v2\/comments?post=20583"}],"wp:featuredmedia":[{"embeddable":true,"href":"https:\/\/marneantic.com\/index.php\/wp-json\/wp\/v2\/media\/20584"}],"wp:attachment":[{"href":"https:\/\/marneantic.com\/index.php\/wp-json\/wp\/v2\/media?parent=20583"}],"wp:term":[{"taxonomy":"product_cat","embeddable":true,"href":"https:\/\/marneantic.com\/index.php\/wp-json\/wp\/v2\/product_cat?post=20583"},{"taxonomy":"product_tag","embeddable":true,"href":"https:\/\/marneantic.com\/index.php\/wp-json\/wp\/v2\/product_tag?post=20583"}],"curies":[{"name":"wp","href":"https:\/\/api.w.org\/{rel}","templated":true}]}}