{"id":20715,"date":"2023-10-09T15:45:19","date_gmt":"2023-10-09T14:45:19","guid":{"rendered":"https:\/\/marneantic.com\/?post_type=product&#038;p=20715"},"modified":"2023-10-09T15:51:38","modified_gmt":"2023-10-09T14:51:38","slug":"12-fourchettes-a-dessert-anciennes-en-metal-argente-2","status":"publish","type":"product","link":"https:\/\/marneantic.com\/index.php\/produit\/12-fourchettes-a-dessert-anciennes-en-metal-argente-2\/","title":{"rendered":"12 fourchettes a dessert anciennes en m\u00e9tal argent\u00e9"},"content":{"rendered":"","protected":false},"excerpt":{"rendered":"<p>12 fourchettes a dessert anciennes en m\u00e9tal argent\u00e9 poin\u00e7onn\u00e9, orf\u00e8vrerie ARGENTAL, en tr\u00e8s bon \u00e9tat,longueur:13.6cm<\/p>\n","protected":false},"featured_media":20716,"comment_status":"closed","ping_status":"closed","template":"","meta":{"_et_pb_use_builder":"","_et_pb_old_content":"","_et_gb_content_width":""},"product_cat":[12,10,29],"product_tag":[],"_links":{"self":[{"href":"https:\/\/marneantic.com\/index.php\/wp-json\/wp\/v2\/product\/20715"}],"collection":[{"href":"https:\/\/marneantic.com\/index.php\/wp-json\/wp\/v2\/product"}],"about":[{"href":"https:\/\/marneantic.com\/index.php\/wp-json\/wp\/v2\/types\/product"}],"replies":[{"embeddable":true,"href":"https:\/\/marneantic.com\/index.php\/wp-json\/wp\/v2\/comments?post=20715"}],"wp:featuredmedia":[{"embeddable":true,"href":"https:\/\/marneantic.com\/index.php\/wp-json\/wp\/v2\/media\/20716"}],"wp:attachment":[{"href":"https:\/\/marneantic.com\/index.php\/wp-json\/wp\/v2\/media?parent=20715"}],"wp:term":[{"taxonomy":"product_cat","embeddable":true,"href":"https:\/\/marneantic.com\/index.php\/wp-json\/wp\/v2\/product_cat?post=20715"},{"taxonomy":"product_tag","embeddable":true,"href":"https:\/\/marneantic.com\/index.php\/wp-json\/wp\/v2\/product_tag?post=20715"}],"curies":[{"name":"wp","href":"https:\/\/api.w.org\/{rel}","templated":true}]}}