{"id":20759,"date":"2023-10-11T10:49:21","date_gmt":"2023-10-11T09:49:21","guid":{"rendered":"https:\/\/marneantic.com\/?post_type=product&#038;p=20759"},"modified":"2023-10-11T10:53:30","modified_gmt":"2023-10-11T09:53:30","slug":"tasse-a-the-ancienne-en-porcelaine-7","status":"publish","type":"product","link":"https:\/\/marneantic.com\/index.php\/produit\/tasse-a-the-ancienne-en-porcelaine-7\/","title":{"rendered":"Tasse a th\u00e9 ancienne en porcelaine"},"content":{"rendered":"","protected":false},"excerpt":{"rendered":"<div>\n<p>Tasse a th\u00e9 ancienne en porcelaine, en bon \u00e9tat, l\u00e9g\u00e8re usure de la dorure en fond de soucoupe<\/p>\n<div>tasse hauteur:5.7cm<\/div>\n<div>diametre:10.7cm<\/div>\n<div>diam\u00e8tre soucoupe:15cm<\/div>\n<div>aucune marque de fabrique<\/div>\n<\/div>\n<div><\/div>\n","protected":false},"featured_media":20760,"comment_status":"closed","ping_status":"closed","template":"","meta":{"_et_pb_use_builder":"","_et_pb_old_content":"","_et_gb_content_width":""},"product_cat":[26,7],"product_tag":[],"_links":{"self":[{"href":"https:\/\/marneantic.com\/index.php\/wp-json\/wp\/v2\/product\/20759"}],"collection":[{"href":"https:\/\/marneantic.com\/index.php\/wp-json\/wp\/v2\/product"}],"about":[{"href":"https:\/\/marneantic.com\/index.php\/wp-json\/wp\/v2\/types\/product"}],"replies":[{"embeddable":true,"href":"https:\/\/marneantic.com\/index.php\/wp-json\/wp\/v2\/comments?post=20759"}],"wp:featuredmedia":[{"embeddable":true,"href":"https:\/\/marneantic.com\/index.php\/wp-json\/wp\/v2\/media\/20760"}],"wp:attachment":[{"href":"https:\/\/marneantic.com\/index.php\/wp-json\/wp\/v2\/media?parent=20759"}],"wp:term":[{"taxonomy":"product_cat","embeddable":true,"href":"https:\/\/marneantic.com\/index.php\/wp-json\/wp\/v2\/product_cat?post=20759"},{"taxonomy":"product_tag","embeddable":true,"href":"https:\/\/marneantic.com\/index.php\/wp-json\/wp\/v2\/product_tag?post=20759"}],"curies":[{"name":"wp","href":"https:\/\/api.w.org\/{rel}","templated":true}]}}