{"id":2076,"date":"2016-08-04T15:38:57","date_gmt":"2016-08-04T14:38:57","guid":{"rendered":"http:\/\/marneantic.com\/index.php\/produit\/grand-verre-de-table-ancien-cisele\/"},"modified":"2016-08-04T15:46:04","modified_gmt":"2016-08-04T14:46:04","slug":"grand-verre-de-table-ancien-cisele","status":"publish","type":"product","link":"https:\/\/marneantic.com\/index.php\/produit\/grand-verre-de-table-ancien-cisele\/","title":{"rendered":"Grand verre de table ancien cisel\u00e9"},"content":{"rendered":"","protected":false},"excerpt":{"rendered":"<p>beau et grand verre de table ancien cisel\u00e9(fin 19eme) en tr\u00e8s bon \u00e9tat d\u00e9cor v\u00e9g\u00e9tal et rubans,hauteur:16.5cm,diam\u00e8tre du buvant:6.8cm,diametre du pied:7.5cm<\/p>\n","protected":false},"featured_media":2078,"comment_status":"closed","ping_status":"closed","template":"","meta":{"_et_pb_use_builder":"","_et_pb_old_content":"","_et_gb_content_width":""},"product_cat":[10,11],"product_tag":[],"_links":{"self":[{"href":"https:\/\/marneantic.com\/index.php\/wp-json\/wp\/v2\/product\/2076"}],"collection":[{"href":"https:\/\/marneantic.com\/index.php\/wp-json\/wp\/v2\/product"}],"about":[{"href":"https:\/\/marneantic.com\/index.php\/wp-json\/wp\/v2\/types\/product"}],"replies":[{"embeddable":true,"href":"https:\/\/marneantic.com\/index.php\/wp-json\/wp\/v2\/comments?post=2076"}],"wp:featuredmedia":[{"embeddable":true,"href":"https:\/\/marneantic.com\/index.php\/wp-json\/wp\/v2\/media\/2078"}],"wp:attachment":[{"href":"https:\/\/marneantic.com\/index.php\/wp-json\/wp\/v2\/media?parent=2076"}],"wp:term":[{"taxonomy":"product_cat","embeddable":true,"href":"https:\/\/marneantic.com\/index.php\/wp-json\/wp\/v2\/product_cat?post=2076"},{"taxonomy":"product_tag","embeddable":true,"href":"https:\/\/marneantic.com\/index.php\/wp-json\/wp\/v2\/product_tag?post=2076"}],"curies":[{"name":"wp","href":"https:\/\/api.w.org\/{rel}","templated":true}]}}