{"id":20764,"date":"2023-10-11T11:08:34","date_gmt":"2023-10-11T10:08:34","guid":{"rendered":"https:\/\/marneantic.com\/?post_type=product&#038;p=20764"},"modified":"2025-08-02T16:38:03","modified_gmt":"2025-08-02T15:38:03","slug":"tasse-a-cafe-en-porcelaine-allemande","status":"publish","type":"product","link":"https:\/\/marneantic.com\/index.php\/produit\/tasse-a-cafe-en-porcelaine-allemande\/","title":{"rendered":"Tasse a caf\u00e9 en porcelaine Allemande"},"content":{"rendered":"","protected":false},"excerpt":{"rendered":"<div>\n<p>Tasse a caf\u00e9 en porcelaine Allemande Tirschenreuth, d\u00e9cor feuilles de vignes, en tr\u00e8s bon \u00e9tat<\/p>\n<div>tasse hauteur:6cm<\/div>\n<div>diametre:6cm<\/div>\n<div>diam\u00e8tre soucoupe:11cm<\/div>\n<\/div>\n<div><\/div>\n","protected":false},"featured_media":20765,"comment_status":"closed","ping_status":"closed","template":"","meta":{"_et_pb_use_builder":"","_et_pb_old_content":"","_et_gb_content_width":""},"product_cat":[26,7],"product_tag":[],"_links":{"self":[{"href":"https:\/\/marneantic.com\/index.php\/wp-json\/wp\/v2\/product\/20764"}],"collection":[{"href":"https:\/\/marneantic.com\/index.php\/wp-json\/wp\/v2\/product"}],"about":[{"href":"https:\/\/marneantic.com\/index.php\/wp-json\/wp\/v2\/types\/product"}],"replies":[{"embeddable":true,"href":"https:\/\/marneantic.com\/index.php\/wp-json\/wp\/v2\/comments?post=20764"}],"wp:featuredmedia":[{"embeddable":true,"href":"https:\/\/marneantic.com\/index.php\/wp-json\/wp\/v2\/media\/20765"}],"wp:attachment":[{"href":"https:\/\/marneantic.com\/index.php\/wp-json\/wp\/v2\/media?parent=20764"}],"wp:term":[{"taxonomy":"product_cat","embeddable":true,"href":"https:\/\/marneantic.com\/index.php\/wp-json\/wp\/v2\/product_cat?post=20764"},{"taxonomy":"product_tag","embeddable":true,"href":"https:\/\/marneantic.com\/index.php\/wp-json\/wp\/v2\/product_tag?post=20764"}],"curies":[{"name":"wp","href":"https:\/\/api.w.org\/{rel}","templated":true}]}}