{"id":20771,"date":"2023-10-11T15:11:02","date_gmt":"2023-10-11T14:11:02","guid":{"rendered":"https:\/\/marneantic.com\/?post_type=product&#038;p=20771"},"modified":"2023-10-11T15:17:09","modified_gmt":"2023-10-11T14:17:09","slug":"tasse-a-the-en-porcelaine-de-limoges","status":"publish","type":"product","link":"https:\/\/marneantic.com\/index.php\/produit\/tasse-a-the-en-porcelaine-de-limoges\/","title":{"rendered":"Tasse a th\u00e9 en porcelaine de Limoges"},"content":{"rendered":"","protected":false},"excerpt":{"rendered":"<p>Tasse a th\u00e9 en porcelaine de Limoges (manufacture Raynaud) en parfait \u00e9tat<\/p>\n<div>tasse hauteur:6cm<\/div>\n<div>diametre:9cm<\/div>\n<div>diam\u00e8tre soucoupe:15.7cm<\/div>\n<div><\/div>\n<div><\/div>\n","protected":false},"featured_media":20772,"comment_status":"closed","ping_status":"closed","template":"","meta":{"_et_pb_use_builder":"","_et_pb_old_content":"","_et_gb_content_width":""},"product_cat":[26,7],"product_tag":[],"_links":{"self":[{"href":"https:\/\/marneantic.com\/index.php\/wp-json\/wp\/v2\/product\/20771"}],"collection":[{"href":"https:\/\/marneantic.com\/index.php\/wp-json\/wp\/v2\/product"}],"about":[{"href":"https:\/\/marneantic.com\/index.php\/wp-json\/wp\/v2\/types\/product"}],"replies":[{"embeddable":true,"href":"https:\/\/marneantic.com\/index.php\/wp-json\/wp\/v2\/comments?post=20771"}],"wp:featuredmedia":[{"embeddable":true,"href":"https:\/\/marneantic.com\/index.php\/wp-json\/wp\/v2\/media\/20772"}],"wp:attachment":[{"href":"https:\/\/marneantic.com\/index.php\/wp-json\/wp\/v2\/media?parent=20771"}],"wp:term":[{"taxonomy":"product_cat","embeddable":true,"href":"https:\/\/marneantic.com\/index.php\/wp-json\/wp\/v2\/product_cat?post=20771"},{"taxonomy":"product_tag","embeddable":true,"href":"https:\/\/marneantic.com\/index.php\/wp-json\/wp\/v2\/product_tag?post=20771"}],"curies":[{"name":"wp","href":"https:\/\/api.w.org\/{rel}","templated":true}]}}