{"id":20815,"date":"2023-10-13T16:08:38","date_gmt":"2023-10-13T15:08:38","guid":{"rendered":"https:\/\/marneantic.com\/?post_type=product&#038;p=20815"},"modified":"2023-10-13T17:22:49","modified_gmt":"2023-10-13T16:22:49","slug":"grand-verre-a-absinthe-ancien-3","status":"publish","type":"product","link":"https:\/\/marneantic.com\/index.php\/produit\/grand-verre-a-absinthe-ancien-3\/","title":{"rendered":"Grand verre \u00e0 absinthe ancien"},"content":{"rendered":"","protected":false},"excerpt":{"rendered":"<p>Grand verre \u00e0 absinthe ancien, verre tr\u00e8s \u00e9pais, en bon \u00e9tat(traces de frottement sous le pied) hauteur:17.5cm,diam\u00e8tre du buvant:8.2cm,diam\u00e8tre du pied:7.6cm<\/p>\n","protected":false},"featured_media":20818,"comment_status":"closed","ping_status":"closed","template":"","meta":{"_et_pb_use_builder":"","_et_pb_old_content":"","_et_gb_content_width":""},"product_cat":[10,14,11],"product_tag":[],"_links":{"self":[{"href":"https:\/\/marneantic.com\/index.php\/wp-json\/wp\/v2\/product\/20815"}],"collection":[{"href":"https:\/\/marneantic.com\/index.php\/wp-json\/wp\/v2\/product"}],"about":[{"href":"https:\/\/marneantic.com\/index.php\/wp-json\/wp\/v2\/types\/product"}],"replies":[{"embeddable":true,"href":"https:\/\/marneantic.com\/index.php\/wp-json\/wp\/v2\/comments?post=20815"}],"wp:featuredmedia":[{"embeddable":true,"href":"https:\/\/marneantic.com\/index.php\/wp-json\/wp\/v2\/media\/20818"}],"wp:attachment":[{"href":"https:\/\/marneantic.com\/index.php\/wp-json\/wp\/v2\/media?parent=20815"}],"wp:term":[{"taxonomy":"product_cat","embeddable":true,"href":"https:\/\/marneantic.com\/index.php\/wp-json\/wp\/v2\/product_cat?post=20815"},{"taxonomy":"product_tag","embeddable":true,"href":"https:\/\/marneantic.com\/index.php\/wp-json\/wp\/v2\/product_tag?post=20815"}],"curies":[{"name":"wp","href":"https:\/\/api.w.org\/{rel}","templated":true}]}}