{"id":20825,"date":"2023-10-13T16:36:40","date_gmt":"2023-10-13T15:36:40","guid":{"rendered":"https:\/\/marneantic.com\/?post_type=product&#038;p=20825"},"modified":"2023-10-13T16:42:49","modified_gmt":"2023-10-13T15:42:49","slug":"carafe-a-liqueur-emaillee-ancienne-2","status":"publish","type":"product","link":"https:\/\/marneantic.com\/index.php\/produit\/carafe-a-liqueur-emaillee-ancienne-2\/","title":{"rendered":"Carafe a liqueur \u00e9maill\u00e9e ancienne"},"content":{"rendered":"","protected":false},"excerpt":{"rendered":"<p>Carafe a liqueur \u00e9maill\u00e9e ancienne en bon \u00e9tat, a signaler des traces blanche a l&rsquo;int\u00e9rieur\u00a0 en partie basse<br \/>\nhauteur avec bouchon:22cm<br \/>\ndiam\u00e8tre:7.5cm<\/p>\n","protected":false},"featured_media":20826,"comment_status":"closed","ping_status":"closed","template":"","meta":{"_et_pb_use_builder":"","_et_pb_old_content":"","_et_gb_content_width":""},"product_cat":[10,11],"product_tag":[],"_links":{"self":[{"href":"https:\/\/marneantic.com\/index.php\/wp-json\/wp\/v2\/product\/20825"}],"collection":[{"href":"https:\/\/marneantic.com\/index.php\/wp-json\/wp\/v2\/product"}],"about":[{"href":"https:\/\/marneantic.com\/index.php\/wp-json\/wp\/v2\/types\/product"}],"replies":[{"embeddable":true,"href":"https:\/\/marneantic.com\/index.php\/wp-json\/wp\/v2\/comments?post=20825"}],"wp:featuredmedia":[{"embeddable":true,"href":"https:\/\/marneantic.com\/index.php\/wp-json\/wp\/v2\/media\/20826"}],"wp:attachment":[{"href":"https:\/\/marneantic.com\/index.php\/wp-json\/wp\/v2\/media?parent=20825"}],"wp:term":[{"taxonomy":"product_cat","embeddable":true,"href":"https:\/\/marneantic.com\/index.php\/wp-json\/wp\/v2\/product_cat?post=20825"},{"taxonomy":"product_tag","embeddable":true,"href":"https:\/\/marneantic.com\/index.php\/wp-json\/wp\/v2\/product_tag?post=20825"}],"curies":[{"name":"wp","href":"https:\/\/api.w.org\/{rel}","templated":true}]}}