{"id":2083,"date":"2016-08-04T16:16:06","date_gmt":"2016-08-04T15:16:06","guid":{"rendered":"http:\/\/marneantic.com\/index.php\/produit\/verre-de-table-ancien-cisele\/"},"modified":"2016-08-04T16:22:05","modified_gmt":"2016-08-04T15:22:05","slug":"verre-de-table-ancien-cisele","status":"publish","type":"product","link":"https:\/\/marneantic.com\/index.php\/produit\/verre-de-table-ancien-cisele\/","title":{"rendered":"verre de table ancien cisel\u00e9"},"content":{"rendered":"","protected":false},"excerpt":{"rendered":"<p>beau verre de table ancien cisel\u00e9(fin 19eme) en tr\u00e8s bon \u00e9tat d\u00e9cor v\u00e9g\u00e9tal et rubans,hauteur:13cm,diam\u00e8tre du buvant:5.2cm,diametre du pied:5.7cm<\/p>\n","protected":false},"featured_media":2084,"comment_status":"closed","ping_status":"closed","template":"","meta":{"_et_pb_use_builder":"","_et_pb_old_content":"","_et_gb_content_width":""},"product_cat":[10,11],"product_tag":[],"_links":{"self":[{"href":"https:\/\/marneantic.com\/index.php\/wp-json\/wp\/v2\/product\/2083"}],"collection":[{"href":"https:\/\/marneantic.com\/index.php\/wp-json\/wp\/v2\/product"}],"about":[{"href":"https:\/\/marneantic.com\/index.php\/wp-json\/wp\/v2\/types\/product"}],"replies":[{"embeddable":true,"href":"https:\/\/marneantic.com\/index.php\/wp-json\/wp\/v2\/comments?post=2083"}],"wp:featuredmedia":[{"embeddable":true,"href":"https:\/\/marneantic.com\/index.php\/wp-json\/wp\/v2\/media\/2084"}],"wp:attachment":[{"href":"https:\/\/marneantic.com\/index.php\/wp-json\/wp\/v2\/media?parent=2083"}],"wp:term":[{"taxonomy":"product_cat","embeddable":true,"href":"https:\/\/marneantic.com\/index.php\/wp-json\/wp\/v2\/product_cat?post=2083"},{"taxonomy":"product_tag","embeddable":true,"href":"https:\/\/marneantic.com\/index.php\/wp-json\/wp\/v2\/product_tag?post=2083"}],"curies":[{"name":"wp","href":"https:\/\/api.w.org\/{rel}","templated":true}]}}