{"id":20830,"date":"2023-10-13T16:45:41","date_gmt":"2023-10-13T15:45:41","guid":{"rendered":"https:\/\/marneantic.com\/?post_type=product&#038;p=20830"},"modified":"2023-10-13T16:52:08","modified_gmt":"2023-10-13T15:52:08","slug":"grand-flacon-ancien-en-cristal","status":"publish","type":"product","link":"https:\/\/marneantic.com\/index.php\/produit\/grand-flacon-ancien-en-cristal\/","title":{"rendered":"Grand flacon ancien en cristal"},"content":{"rendered":"","protected":false},"excerpt":{"rendered":"<p>Grand flacon ancien en cristal a facettes, en tr\u00e8s bon \u00e9tat sans \u00e9clats, bouchon d&rsquo;origine num\u00e9rot\u00e9 au flacon, hauteur totale:19cm,diametre:8cm<\/p>\n","protected":false},"featured_media":20831,"comment_status":"closed","ping_status":"closed","template":"","meta":{"_et_pb_use_builder":"","_et_pb_old_content":"","_et_gb_content_width":""},"product_cat":[14,8],"product_tag":[],"_links":{"self":[{"href":"https:\/\/marneantic.com\/index.php\/wp-json\/wp\/v2\/product\/20830"}],"collection":[{"href":"https:\/\/marneantic.com\/index.php\/wp-json\/wp\/v2\/product"}],"about":[{"href":"https:\/\/marneantic.com\/index.php\/wp-json\/wp\/v2\/types\/product"}],"replies":[{"embeddable":true,"href":"https:\/\/marneantic.com\/index.php\/wp-json\/wp\/v2\/comments?post=20830"}],"wp:featuredmedia":[{"embeddable":true,"href":"https:\/\/marneantic.com\/index.php\/wp-json\/wp\/v2\/media\/20831"}],"wp:attachment":[{"href":"https:\/\/marneantic.com\/index.php\/wp-json\/wp\/v2\/media?parent=20830"}],"wp:term":[{"taxonomy":"product_cat","embeddable":true,"href":"https:\/\/marneantic.com\/index.php\/wp-json\/wp\/v2\/product_cat?post=20830"},{"taxonomy":"product_tag","embeddable":true,"href":"https:\/\/marneantic.com\/index.php\/wp-json\/wp\/v2\/product_tag?post=20830"}],"curies":[{"name":"wp","href":"https:\/\/api.w.org\/{rel}","templated":true}]}}