{"id":20844,"date":"2023-10-13T17:35:27","date_gmt":"2023-10-13T16:35:27","guid":{"rendered":"https:\/\/marneantic.com\/?post_type=product&#038;p=20844"},"modified":"2023-10-13T17:53:57","modified_gmt":"2023-10-13T16:53:57","slug":"dessous-de-bouteille-ancien-art-deco","status":"publish","type":"product","link":"https:\/\/marneantic.com\/index.php\/produit\/dessous-de-bouteille-ancien-art-deco\/","title":{"rendered":"Dessous de bouteille ancien art-d\u00e9co"},"content":{"rendered":"","protected":false},"excerpt":{"rendered":"<p><span style=\"font-family: Arial;\">Dessous de bouteille art-d\u00e9co ancien a rebord en verre a d\u00e9cor d\u00e9poli, en tr\u00e8s bon <\/span><span style=\"font-family: Arial;\">\u00e9tat<\/span><\/p>\n<div><span style=\"font-family: Arial;\">diametre:12.7cm<\/span><\/div>\n<div><span style=\"font-family: Arial;\">hauteur:1cm<\/span><\/div>\n","protected":false},"featured_media":20845,"comment_status":"closed","ping_status":"closed","template":"","meta":{"_et_pb_use_builder":"","_et_pb_old_content":"","_et_gb_content_width":""},"product_cat":[13,10,44,11],"product_tag":[],"_links":{"self":[{"href":"https:\/\/marneantic.com\/index.php\/wp-json\/wp\/v2\/product\/20844"}],"collection":[{"href":"https:\/\/marneantic.com\/index.php\/wp-json\/wp\/v2\/product"}],"about":[{"href":"https:\/\/marneantic.com\/index.php\/wp-json\/wp\/v2\/types\/product"}],"replies":[{"embeddable":true,"href":"https:\/\/marneantic.com\/index.php\/wp-json\/wp\/v2\/comments?post=20844"}],"wp:featuredmedia":[{"embeddable":true,"href":"https:\/\/marneantic.com\/index.php\/wp-json\/wp\/v2\/media\/20845"}],"wp:attachment":[{"href":"https:\/\/marneantic.com\/index.php\/wp-json\/wp\/v2\/media?parent=20844"}],"wp:term":[{"taxonomy":"product_cat","embeddable":true,"href":"https:\/\/marneantic.com\/index.php\/wp-json\/wp\/v2\/product_cat?post=20844"},{"taxonomy":"product_tag","embeddable":true,"href":"https:\/\/marneantic.com\/index.php\/wp-json\/wp\/v2\/product_tag?post=20844"}],"curies":[{"name":"wp","href":"https:\/\/api.w.org\/{rel}","templated":true}]}}