{"id":2090,"date":"2016-08-04T17:01:13","date_gmt":"2016-08-04T16:01:13","guid":{"rendered":"http:\/\/marneantic.com\/index.php\/produit\/verre-de-table-ancien-en-cristal-cisele-2\/"},"modified":"2023-03-02T12:16:31","modified_gmt":"2023-03-02T11:16:31","slug":"verre-de-table-ancien-en-cristal-cisele-2","status":"publish","type":"product","link":"https:\/\/marneantic.com\/index.php\/produit\/verre-de-table-ancien-en-cristal-cisele-2\/","title":{"rendered":"Verre de table ancien en cristal cisel\u00e9"},"content":{"rendered":"","protected":false},"excerpt":{"rendered":"<p>beau verre de table ancien en cristal cisel\u00e9(fin 19eme\/d\u00e9but 20eme)) en tr\u00e8s bon \u00e9tat d\u00e9cor en nids d&rsquo;abeilles a la base du contenant,hauteur:11cm,diam\u00e8tre du buvant:5.4cm,diametre du pied:5.4cm<\/p>\n","protected":false},"featured_media":2092,"comment_status":"closed","ping_status":"closed","template":"","meta":{"_et_pb_use_builder":"","_et_pb_old_content":"","_et_gb_content_width":""},"product_cat":[10,11],"product_tag":[],"_links":{"self":[{"href":"https:\/\/marneantic.com\/index.php\/wp-json\/wp\/v2\/product\/2090"}],"collection":[{"href":"https:\/\/marneantic.com\/index.php\/wp-json\/wp\/v2\/product"}],"about":[{"href":"https:\/\/marneantic.com\/index.php\/wp-json\/wp\/v2\/types\/product"}],"replies":[{"embeddable":true,"href":"https:\/\/marneantic.com\/index.php\/wp-json\/wp\/v2\/comments?post=2090"}],"wp:featuredmedia":[{"embeddable":true,"href":"https:\/\/marneantic.com\/index.php\/wp-json\/wp\/v2\/media\/2092"}],"wp:attachment":[{"href":"https:\/\/marneantic.com\/index.php\/wp-json\/wp\/v2\/media?parent=2090"}],"wp:term":[{"taxonomy":"product_cat","embeddable":true,"href":"https:\/\/marneantic.com\/index.php\/wp-json\/wp\/v2\/product_cat?post=2090"},{"taxonomy":"product_tag","embeddable":true,"href":"https:\/\/marneantic.com\/index.php\/wp-json\/wp\/v2\/product_tag?post=2090"}],"curies":[{"name":"wp","href":"https:\/\/api.w.org\/{rel}","templated":true}]}}