{"id":20935,"date":"2023-10-19T10:08:26","date_gmt":"2023-10-19T09:08:26","guid":{"rendered":"https:\/\/marneantic.com\/?post_type=product&#038;p=20935"},"modified":"2023-10-19T10:16:23","modified_gmt":"2023-10-19T09:16:23","slug":"drap-ancien-320x200cm-retour-brode","status":"publish","type":"product","link":"https:\/\/marneantic.com\/index.php\/produit\/drap-ancien-320x200cm-retour-brode\/","title":{"rendered":"Drap ancien 320x200cm &#8211; retour brod\u00e9"},"content":{"rendered":"","protected":false},"excerpt":{"rendered":"<p>Drap ancien uni en coton: 320x200cm avec rebord de retour brod\u00e9, en tr\u00e8s bon \u00e9tat, linge lav\u00e9, v\u00e9rifi\u00e9 et repass\u00e9.<\/p>\n","protected":false},"featured_media":20936,"comment_status":"open","ping_status":"closed","template":"","meta":{"_et_pb_use_builder":"","_et_pb_old_content":"","_et_gb_content_width":""},"product_cat":[33],"product_tag":[],"_links":{"self":[{"href":"https:\/\/marneantic.com\/index.php\/wp-json\/wp\/v2\/product\/20935"}],"collection":[{"href":"https:\/\/marneantic.com\/index.php\/wp-json\/wp\/v2\/product"}],"about":[{"href":"https:\/\/marneantic.com\/index.php\/wp-json\/wp\/v2\/types\/product"}],"replies":[{"embeddable":true,"href":"https:\/\/marneantic.com\/index.php\/wp-json\/wp\/v2\/comments?post=20935"}],"wp:featuredmedia":[{"embeddable":true,"href":"https:\/\/marneantic.com\/index.php\/wp-json\/wp\/v2\/media\/20936"}],"wp:attachment":[{"href":"https:\/\/marneantic.com\/index.php\/wp-json\/wp\/v2\/media?parent=20935"}],"wp:term":[{"taxonomy":"product_cat","embeddable":true,"href":"https:\/\/marneantic.com\/index.php\/wp-json\/wp\/v2\/product_cat?post=20935"},{"taxonomy":"product_tag","embeddable":true,"href":"https:\/\/marneantic.com\/index.php\/wp-json\/wp\/v2\/product_tag?post=20935"}],"curies":[{"name":"wp","href":"https:\/\/api.w.org\/{rel}","templated":true}]}}