{"id":21208,"date":"2023-10-31T14:46:36","date_gmt":"2023-10-31T13:46:36","guid":{"rendered":"https:\/\/marneantic.com\/?post_type=product&#038;p=21208"},"modified":"2025-01-12T19:28:44","modified_gmt":"2025-01-12T18:28:44","slug":"tasse-a-the-ancienne-en-porcelaine-de-limoges-9","status":"publish","type":"product","link":"https:\/\/marneantic.com\/index.php\/produit\/tasse-a-the-ancienne-en-porcelaine-de-limoges-9\/","title":{"rendered":"Tasse a th\u00e9 ancienne en porcelaine de Limoges"},"content":{"rendered":"","protected":false},"excerpt":{"rendered":"<div>\n<div>\n<div>\n<p>Tasse a th\u00e9 ancienne en porcelaine de Limoges, en tr\u00e8s bon \u00e9tat<\/p>\n<div>tasse hauteur:5.7cm<\/div>\n<div>diametre:8.5cm<\/div>\n<div>diam\u00e8tre soucoupe:15.3cm<\/div>\n<\/div>\n<\/div>\n<\/div>\n<div><\/div>\n","protected":false},"featured_media":21209,"comment_status":"closed","ping_status":"closed","template":"","meta":{"_et_pb_use_builder":"","_et_pb_old_content":"","_et_gb_content_width":""},"product_cat":[26,7],"product_tag":[],"_links":{"self":[{"href":"https:\/\/marneantic.com\/index.php\/wp-json\/wp\/v2\/product\/21208"}],"collection":[{"href":"https:\/\/marneantic.com\/index.php\/wp-json\/wp\/v2\/product"}],"about":[{"href":"https:\/\/marneantic.com\/index.php\/wp-json\/wp\/v2\/types\/product"}],"replies":[{"embeddable":true,"href":"https:\/\/marneantic.com\/index.php\/wp-json\/wp\/v2\/comments?post=21208"}],"wp:featuredmedia":[{"embeddable":true,"href":"https:\/\/marneantic.com\/index.php\/wp-json\/wp\/v2\/media\/21209"}],"wp:attachment":[{"href":"https:\/\/marneantic.com\/index.php\/wp-json\/wp\/v2\/media?parent=21208"}],"wp:term":[{"taxonomy":"product_cat","embeddable":true,"href":"https:\/\/marneantic.com\/index.php\/wp-json\/wp\/v2\/product_cat?post=21208"},{"taxonomy":"product_tag","embeddable":true,"href":"https:\/\/marneantic.com\/index.php\/wp-json\/wp\/v2\/product_tag?post=21208"}],"curies":[{"name":"wp","href":"https:\/\/api.w.org\/{rel}","templated":true}]}}