{"id":2128,"date":"2016-09-07T14:49:42","date_gmt":"2016-09-07T13:49:42","guid":{"rendered":"http:\/\/marneantic.com\/index.php\/produit\/superbe-theiere-ancienne-porcelaine\/"},"modified":"2016-10-17T15:45:54","modified_gmt":"2016-10-17T14:45:54","slug":"superbe-theiere-ancienne-porcelaine","status":"publish","type":"product","link":"https:\/\/marneantic.com\/index.php\/produit\/superbe-theiere-ancienne-porcelaine\/","title":{"rendered":"Superbe th\u00e9i\u00e8re ancienne porcelaine"},"content":{"rendered":"","protected":false},"excerpt":{"rendered":"<p>Superbe th\u00e9i\u00e8re ancienne(fin 19eme) en porcelaine,d\u00e9cor floral rehauss\u00e9 a l&rsquo;\u00e9mail,en tr\u00e8s bon \u00e9tat,l\u00e9g\u00e8re usure de la dorure par endroit,dimensions hors bec et poign\u00e9e,aucune marque de fabrique<\/p>\n","protected":false},"featured_media":2129,"comment_status":"open","ping_status":"closed","template":"","meta":{"_et_pb_use_builder":"","_et_pb_old_content":"","_et_gb_content_width":""},"product_cat":[26,7],"product_tag":[],"_links":{"self":[{"href":"https:\/\/marneantic.com\/index.php\/wp-json\/wp\/v2\/product\/2128"}],"collection":[{"href":"https:\/\/marneantic.com\/index.php\/wp-json\/wp\/v2\/product"}],"about":[{"href":"https:\/\/marneantic.com\/index.php\/wp-json\/wp\/v2\/types\/product"}],"replies":[{"embeddable":true,"href":"https:\/\/marneantic.com\/index.php\/wp-json\/wp\/v2\/comments?post=2128"}],"wp:featuredmedia":[{"embeddable":true,"href":"https:\/\/marneantic.com\/index.php\/wp-json\/wp\/v2\/media\/2129"}],"wp:attachment":[{"href":"https:\/\/marneantic.com\/index.php\/wp-json\/wp\/v2\/media?parent=2128"}],"wp:term":[{"taxonomy":"product_cat","embeddable":true,"href":"https:\/\/marneantic.com\/index.php\/wp-json\/wp\/v2\/product_cat?post=2128"},{"taxonomy":"product_tag","embeddable":true,"href":"https:\/\/marneantic.com\/index.php\/wp-json\/wp\/v2\/product_tag?post=2128"}],"curies":[{"name":"wp","href":"https:\/\/api.w.org\/{rel}","templated":true}]}}