{"id":21281,"date":"2023-11-05T15:29:10","date_gmt":"2023-11-05T14:29:10","guid":{"rendered":"https:\/\/marneantic.com\/?post_type=product&#038;p=21281"},"modified":"2023-11-05T15:37:39","modified_gmt":"2023-11-05T14:37:39","slug":"nappe-ancienne-damassee-240x180cm","status":"publish","type":"product","link":"https:\/\/marneantic.com\/index.php\/produit\/nappe-ancienne-damassee-240x180cm\/","title":{"rendered":"Nappe ancienne damass\u00e9e 240x180cm"},"content":{"rendered":"","protected":false},"excerpt":{"rendered":"<p><b>Nappe ancienne damass\u00e9e 240x180cm en bon \u00e9tat. Linge lav\u00e9, v\u00e9rifi\u00e9 et repass\u00e9<\/b><\/p>\n","protected":false},"featured_media":21284,"comment_status":"open","ping_status":"closed","template":"","meta":{"_et_pb_use_builder":"","_et_pb_old_content":"","_et_gb_content_width":""},"product_cat":[33],"product_tag":[],"_links":{"self":[{"href":"https:\/\/marneantic.com\/index.php\/wp-json\/wp\/v2\/product\/21281"}],"collection":[{"href":"https:\/\/marneantic.com\/index.php\/wp-json\/wp\/v2\/product"}],"about":[{"href":"https:\/\/marneantic.com\/index.php\/wp-json\/wp\/v2\/types\/product"}],"replies":[{"embeddable":true,"href":"https:\/\/marneantic.com\/index.php\/wp-json\/wp\/v2\/comments?post=21281"}],"wp:featuredmedia":[{"embeddable":true,"href":"https:\/\/marneantic.com\/index.php\/wp-json\/wp\/v2\/media\/21284"}],"wp:attachment":[{"href":"https:\/\/marneantic.com\/index.php\/wp-json\/wp\/v2\/media?parent=21281"}],"wp:term":[{"taxonomy":"product_cat","embeddable":true,"href":"https:\/\/marneantic.com\/index.php\/wp-json\/wp\/v2\/product_cat?post=21281"},{"taxonomy":"product_tag","embeddable":true,"href":"https:\/\/marneantic.com\/index.php\/wp-json\/wp\/v2\/product_tag?post=21281"}],"curies":[{"name":"wp","href":"https:\/\/api.w.org\/{rel}","templated":true}]}}