{"id":21300,"date":"2023-11-05T17:07:07","date_gmt":"2023-11-05T16:07:07","guid":{"rendered":"https:\/\/marneantic.com\/?post_type=product&#038;p=21300"},"modified":"2023-11-05T17:13:57","modified_gmt":"2023-11-05T16:13:57","slug":"boite-bonbonniere-en-porcelaine-de-limoges-chanill","status":"publish","type":"product","link":"https:\/\/marneantic.com\/index.php\/produit\/boite-bonbonniere-en-porcelaine-de-limoges-chanill\/","title":{"rendered":"Boite\/bonbonni\u00e8re en porcelaine de Limoges-Chanill"},"content":{"rendered":"","protected":false},"excerpt":{"rendered":"<p><span style=\"font-size: large;\"><span style=\"font-family: Arial;\">Boite\/bonbonni\u00e8re en porcelaine de Limoges et \u00e9tain (manufacture Ulysse pour Chanill) en bon \u00e9tat<\/span><\/span><\/p>\n<div><span style=\"font-family: Arial; font-size: large;\">diametre:8.5cm<\/span><\/div>\n<div><span style=\"font-size: large;\"><span style=\"font-family: Arial;\">hauteur:4cm hors poign\u00e9e<\/span><\/span><\/div>\n","protected":false},"featured_media":21301,"comment_status":"closed","ping_status":"closed","template":"","meta":{"_et_pb_use_builder":"","_et_pb_old_content":"","_et_gb_content_width":""},"product_cat":[14],"product_tag":[],"_links":{"self":[{"href":"https:\/\/marneantic.com\/index.php\/wp-json\/wp\/v2\/product\/21300"}],"collection":[{"href":"https:\/\/marneantic.com\/index.php\/wp-json\/wp\/v2\/product"}],"about":[{"href":"https:\/\/marneantic.com\/index.php\/wp-json\/wp\/v2\/types\/product"}],"replies":[{"embeddable":true,"href":"https:\/\/marneantic.com\/index.php\/wp-json\/wp\/v2\/comments?post=21300"}],"wp:featuredmedia":[{"embeddable":true,"href":"https:\/\/marneantic.com\/index.php\/wp-json\/wp\/v2\/media\/21301"}],"wp:attachment":[{"href":"https:\/\/marneantic.com\/index.php\/wp-json\/wp\/v2\/media?parent=21300"}],"wp:term":[{"taxonomy":"product_cat","embeddable":true,"href":"https:\/\/marneantic.com\/index.php\/wp-json\/wp\/v2\/product_cat?post=21300"},{"taxonomy":"product_tag","embeddable":true,"href":"https:\/\/marneantic.com\/index.php\/wp-json\/wp\/v2\/product_tag?post=21300"}],"curies":[{"name":"wp","href":"https:\/\/api.w.org\/{rel}","templated":true}]}}