{"id":21367,"date":"2023-11-07T17:42:05","date_gmt":"2023-11-07T16:42:05","guid":{"rendered":"https:\/\/marneantic.com\/?post_type=product&#038;p=21367"},"modified":"2023-11-07T17:48:42","modified_gmt":"2023-11-07T16:48:42","slug":"chapelet-de-priere-ancien-perles-de-nacre-et-christ-en-nacre-et-metal-argente","status":"publish","type":"product","link":"https:\/\/marneantic.com\/index.php\/produit\/chapelet-de-priere-ancien-perles-de-nacre-et-christ-en-nacre-et-metal-argente\/","title":{"rendered":"Chapelet de pri\u00e8re ancien, perles de nacre et christ en nacre et m\u00e9tal argent\u00e9"},"content":{"rendered":"","protected":false},"excerpt":{"rendered":"<p>Chapelet de pri\u00e8re ancien, perles de nacre et christ en nacre et m\u00e9tal argent\u00e9, en tr\u00e8s bon \u00e9tat, longueur totale:47.5cm<\/p>\n","protected":false},"featured_media":21368,"comment_status":"closed","ping_status":"closed","template":"","meta":{"_et_pb_use_builder":"","_et_pb_old_content":"","_et_gb_content_width":""},"product_cat":[14],"product_tag":[],"_links":{"self":[{"href":"https:\/\/marneantic.com\/index.php\/wp-json\/wp\/v2\/product\/21367"}],"collection":[{"href":"https:\/\/marneantic.com\/index.php\/wp-json\/wp\/v2\/product"}],"about":[{"href":"https:\/\/marneantic.com\/index.php\/wp-json\/wp\/v2\/types\/product"}],"replies":[{"embeddable":true,"href":"https:\/\/marneantic.com\/index.php\/wp-json\/wp\/v2\/comments?post=21367"}],"wp:featuredmedia":[{"embeddable":true,"href":"https:\/\/marneantic.com\/index.php\/wp-json\/wp\/v2\/media\/21368"}],"wp:attachment":[{"href":"https:\/\/marneantic.com\/index.php\/wp-json\/wp\/v2\/media?parent=21367"}],"wp:term":[{"taxonomy":"product_cat","embeddable":true,"href":"https:\/\/marneantic.com\/index.php\/wp-json\/wp\/v2\/product_cat?post=21367"},{"taxonomy":"product_tag","embeddable":true,"href":"https:\/\/marneantic.com\/index.php\/wp-json\/wp\/v2\/product_tag?post=21367"}],"curies":[{"name":"wp","href":"https:\/\/api.w.org\/{rel}","templated":true}]}}