{"id":2137,"date":"2016-09-10T16:06:23","date_gmt":"2016-09-10T15:06:23","guid":{"rendered":"http:\/\/marneantic.com\/index.php\/produit\/tasse-a-cafe-ancienne-en-porcelainedecor-floral-et-insecte\/"},"modified":"2018-03-01T19:09:57","modified_gmt":"2018-03-01T18:09:57","slug":"tasse-a-cafe-ancienne-en-porcelainedecor-floral-et-insecte","status":"publish","type":"product","link":"https:\/\/marneantic.com\/index.php\/produit\/tasse-a-cafe-ancienne-en-porcelainedecor-floral-et-insecte\/","title":{"rendered":"Tasse a caf\u00e9 ancienne en porcelaine,d\u00e9cor floral et insecte"},"content":{"rendered":"","protected":false},"excerpt":{"rendered":"<p>Tasse a caf\u00e9 ancienne en porcelaine,d\u00e9cor floral et insecte,en tres bon etat :tasse hauteur:5.8cm,diametre:6cm,soucoupe diametre:13cm,aucune marque de fabrique<\/p>\n","protected":false},"featured_media":2138,"comment_status":"closed","ping_status":"closed","template":"","meta":{"_et_pb_use_builder":"","_et_pb_old_content":"","_et_gb_content_width":""},"product_cat":[26,7],"product_tag":[],"_links":{"self":[{"href":"https:\/\/marneantic.com\/index.php\/wp-json\/wp\/v2\/product\/2137"}],"collection":[{"href":"https:\/\/marneantic.com\/index.php\/wp-json\/wp\/v2\/product"}],"about":[{"href":"https:\/\/marneantic.com\/index.php\/wp-json\/wp\/v2\/types\/product"}],"replies":[{"embeddable":true,"href":"https:\/\/marneantic.com\/index.php\/wp-json\/wp\/v2\/comments?post=2137"}],"wp:featuredmedia":[{"embeddable":true,"href":"https:\/\/marneantic.com\/index.php\/wp-json\/wp\/v2\/media\/2138"}],"wp:attachment":[{"href":"https:\/\/marneantic.com\/index.php\/wp-json\/wp\/v2\/media?parent=2137"}],"wp:term":[{"taxonomy":"product_cat","embeddable":true,"href":"https:\/\/marneantic.com\/index.php\/wp-json\/wp\/v2\/product_cat?post=2137"},{"taxonomy":"product_tag","embeddable":true,"href":"https:\/\/marneantic.com\/index.php\/wp-json\/wp\/v2\/product_tag?post=2137"}],"curies":[{"name":"wp","href":"https:\/\/api.w.org\/{rel}","templated":true}]}}