{"id":21371,"date":"2023-11-07T17:49:28","date_gmt":"2023-11-07T16:49:28","guid":{"rendered":"https:\/\/marneantic.com\/?post_type=product&#038;p=21371"},"modified":"2023-11-07T17:55:01","modified_gmt":"2023-11-07T16:55:01","slug":"chapelet-de-priere-espagnol-ancien-en-bois","status":"publish","type":"product","link":"https:\/\/marneantic.com\/index.php\/produit\/chapelet-de-priere-espagnol-ancien-en-bois\/","title":{"rendered":"Chapelet de pri\u00e8re espagnol ancien en bois"},"content":{"rendered":"","protected":false},"excerpt":{"rendered":"<p>Chapelet de pri\u00e8re espagnol ancien en bois avec pri\u00e8re sur les perles de bois et vues religieuses sur les petits cabochons, en tr\u00e8s bon \u00e9tat, longueur totale:50cm<\/p>\n","protected":false},"featured_media":21372,"comment_status":"closed","ping_status":"closed","template":"","meta":{"_et_pb_use_builder":"","_et_pb_old_content":"","_et_gb_content_width":""},"product_cat":[14],"product_tag":[],"_links":{"self":[{"href":"https:\/\/marneantic.com\/index.php\/wp-json\/wp\/v2\/product\/21371"}],"collection":[{"href":"https:\/\/marneantic.com\/index.php\/wp-json\/wp\/v2\/product"}],"about":[{"href":"https:\/\/marneantic.com\/index.php\/wp-json\/wp\/v2\/types\/product"}],"replies":[{"embeddable":true,"href":"https:\/\/marneantic.com\/index.php\/wp-json\/wp\/v2\/comments?post=21371"}],"wp:featuredmedia":[{"embeddable":true,"href":"https:\/\/marneantic.com\/index.php\/wp-json\/wp\/v2\/media\/21372"}],"wp:attachment":[{"href":"https:\/\/marneantic.com\/index.php\/wp-json\/wp\/v2\/media?parent=21371"}],"wp:term":[{"taxonomy":"product_cat","embeddable":true,"href":"https:\/\/marneantic.com\/index.php\/wp-json\/wp\/v2\/product_cat?post=21371"},{"taxonomy":"product_tag","embeddable":true,"href":"https:\/\/marneantic.com\/index.php\/wp-json\/wp\/v2\/product_tag?post=21371"}],"curies":[{"name":"wp","href":"https:\/\/api.w.org\/{rel}","templated":true}]}}