{"id":21386,"date":"2023-11-21T17:04:35","date_gmt":"2023-11-21T16:04:35","guid":{"rendered":"https:\/\/marneantic.com\/?post_type=product&#038;p=21386"},"modified":"2023-11-21T17:13:09","modified_gmt":"2023-11-21T16:13:09","slug":"tasse-a-the-contemporaine-en-gres-de-limoges-medard-de-noblat","status":"publish","type":"product","link":"https:\/\/marneantic.com\/index.php\/produit\/tasse-a-the-contemporaine-en-gres-de-limoges-medard-de-noblat\/","title":{"rendered":"Tasse a th\u00e9 contemporaine en gr\u00e8s de Limoges, M\u00e9dard de Noblat"},"content":{"rendered":"","protected":false},"excerpt":{"rendered":"<div>\n<div>\n<p><span style=\"font-size: large;\">Tasse a th\u00e9 contemporaine en gr\u00e8s de Limoges, M\u00e9dard de Noblat, en \u00e9tat neuf<\/span><\/p>\n<div>diametre:10cm<\/div>\n<div>hauteur:7cm<\/div>\n<div><span style=\"font-family: Arial; font-size: large;\">diam\u00e8tre<\/span> soucoupe:17cm<\/div>\n<\/div>\n<\/div>\n<div><\/div>\n<div><\/div>\n","protected":false},"featured_media":21387,"comment_status":"closed","ping_status":"closed","template":"","meta":{"_et_pb_use_builder":"","_et_pb_old_content":"","_et_gb_content_width":""},"product_cat":[26,7],"product_tag":[],"_links":{"self":[{"href":"https:\/\/marneantic.com\/index.php\/wp-json\/wp\/v2\/product\/21386"}],"collection":[{"href":"https:\/\/marneantic.com\/index.php\/wp-json\/wp\/v2\/product"}],"about":[{"href":"https:\/\/marneantic.com\/index.php\/wp-json\/wp\/v2\/types\/product"}],"replies":[{"embeddable":true,"href":"https:\/\/marneantic.com\/index.php\/wp-json\/wp\/v2\/comments?post=21386"}],"wp:featuredmedia":[{"embeddable":true,"href":"https:\/\/marneantic.com\/index.php\/wp-json\/wp\/v2\/media\/21387"}],"wp:attachment":[{"href":"https:\/\/marneantic.com\/index.php\/wp-json\/wp\/v2\/media?parent=21386"}],"wp:term":[{"taxonomy":"product_cat","embeddable":true,"href":"https:\/\/marneantic.com\/index.php\/wp-json\/wp\/v2\/product_cat?post=21386"},{"taxonomy":"product_tag","embeddable":true,"href":"https:\/\/marneantic.com\/index.php\/wp-json\/wp\/v2\/product_tag?post=21386"}],"curies":[{"name":"wp","href":"https:\/\/api.w.org\/{rel}","templated":true}]}}