{"id":21418,"date":"2023-11-23T16:00:16","date_gmt":"2023-11-23T15:00:16","guid":{"rendered":"https:\/\/marneantic.com\/?post_type=product&#038;p=21418"},"modified":"2026-01-02T08:34:41","modified_gmt":"2026-01-02T07:34:41","slug":"coupe-a-champagne-ancienne-en-cristal-3","status":"publish","type":"product","link":"https:\/\/marneantic.com\/index.php\/produit\/coupe-a-champagne-ancienne-en-cristal-3\/","title":{"rendered":"Coupe a champagne ancienne en cristal"},"content":{"rendered":"","protected":false},"excerpt":{"rendered":"<p><span style=\"font-family: Arial; font-size: large;\">Coupe a champagne ancienne en cristal, d\u00e9cor a 12 pans coup\u00e9s, en tr\u00e8s bon \u00e9tat<\/span><\/p>\n<div><span style=\"font-family: Arial; font-size: large;\">hauteur:10.8cm<\/span><\/div>\n<div><span style=\"font-family: Arial; font-size: large;\">diam\u00e8tre du buvant:9.8cm<\/span><\/div>\n<div><span style=\"font-family: Arial; font-size: large;\">diam\u00e8tre du pied:7.3cm<\/span><\/div>\n","protected":false},"featured_media":21419,"comment_status":"closed","ping_status":"closed","template":"","meta":{"_et_pb_use_builder":"","_et_pb_old_content":"","_et_gb_content_width":""},"product_cat":[10,11],"product_tag":[],"_links":{"self":[{"href":"https:\/\/marneantic.com\/index.php\/wp-json\/wp\/v2\/product\/21418"}],"collection":[{"href":"https:\/\/marneantic.com\/index.php\/wp-json\/wp\/v2\/product"}],"about":[{"href":"https:\/\/marneantic.com\/index.php\/wp-json\/wp\/v2\/types\/product"}],"replies":[{"embeddable":true,"href":"https:\/\/marneantic.com\/index.php\/wp-json\/wp\/v2\/comments?post=21418"}],"wp:featuredmedia":[{"embeddable":true,"href":"https:\/\/marneantic.com\/index.php\/wp-json\/wp\/v2\/media\/21419"}],"wp:attachment":[{"href":"https:\/\/marneantic.com\/index.php\/wp-json\/wp\/v2\/media?parent=21418"}],"wp:term":[{"taxonomy":"product_cat","embeddable":true,"href":"https:\/\/marneantic.com\/index.php\/wp-json\/wp\/v2\/product_cat?post=21418"},{"taxonomy":"product_tag","embeddable":true,"href":"https:\/\/marneantic.com\/index.php\/wp-json\/wp\/v2\/product_tag?post=21418"}],"curies":[{"name":"wp","href":"https:\/\/api.w.org\/{rel}","templated":true}]}}