{"id":21447,"date":"2023-11-23T17:38:54","date_gmt":"2023-11-23T16:38:54","guid":{"rendered":"https:\/\/marneantic.com\/?post_type=product&#038;p=21447"},"modified":"2023-11-23T17:44:44","modified_gmt":"2023-11-23T16:44:44","slug":"verre-a-absinthe-ancien-7","status":"publish","type":"product","link":"https:\/\/marneantic.com\/index.php\/produit\/verre-a-absinthe-ancien-7\/","title":{"rendered":"Verre \u00e0 absinthe ancien"},"content":{"rendered":"","protected":false},"excerpt":{"rendered":"<p>Verre \u00e0 absinthe ancien en bon \u00e9tat, d\u00e9cor a 12 pans coup\u00e9s, hauteur:15.4cm, diam\u00e8tre du buvant:7.3cm, diam\u00e8tre du pied: 7.4cm<\/p>\n","protected":false},"featured_media":21448,"comment_status":"closed","ping_status":"closed","template":"","meta":{"_et_pb_use_builder":"","_et_pb_old_content":"","_et_gb_content_width":""},"product_cat":[10,14,11],"product_tag":[],"_links":{"self":[{"href":"https:\/\/marneantic.com\/index.php\/wp-json\/wp\/v2\/product\/21447"}],"collection":[{"href":"https:\/\/marneantic.com\/index.php\/wp-json\/wp\/v2\/product"}],"about":[{"href":"https:\/\/marneantic.com\/index.php\/wp-json\/wp\/v2\/types\/product"}],"replies":[{"embeddable":true,"href":"https:\/\/marneantic.com\/index.php\/wp-json\/wp\/v2\/comments?post=21447"}],"wp:featuredmedia":[{"embeddable":true,"href":"https:\/\/marneantic.com\/index.php\/wp-json\/wp\/v2\/media\/21448"}],"wp:attachment":[{"href":"https:\/\/marneantic.com\/index.php\/wp-json\/wp\/v2\/media?parent=21447"}],"wp:term":[{"taxonomy":"product_cat","embeddable":true,"href":"https:\/\/marneantic.com\/index.php\/wp-json\/wp\/v2\/product_cat?post=21447"},{"taxonomy":"product_tag","embeddable":true,"href":"https:\/\/marneantic.com\/index.php\/wp-json\/wp\/v2\/product_tag?post=21447"}],"curies":[{"name":"wp","href":"https:\/\/api.w.org\/{rel}","templated":true}]}}