{"id":2149,"date":"2016-09-10T16:45:39","date_gmt":"2016-09-10T15:45:39","guid":{"rendered":"http:\/\/marneantic.com\/index.php\/produit\/verre-de-table-ancien-cisele-11-8cm\/"},"modified":"2016-09-10T16:50:39","modified_gmt":"2016-09-10T15:50:39","slug":"verre-de-table-ancien-cisele-11-8cm","status":"publish","type":"product","link":"https:\/\/marneantic.com\/index.php\/produit\/verre-de-table-ancien-cisele-11-8cm\/","title":{"rendered":"verre de table ancien cisel\u00e9 11.8cm"},"content":{"rendered":"","protected":false},"excerpt":{"rendered":"<p>beau verre de table ancien cisel\u00e9(fin 19eme\/d\u00e9but 20eme) en tr\u00e8s bon \u00e9tat,cotes venitiennes et d\u00e9cor de torsades,hauteur:11.8cm,diam\u00e8tre du buvant:6cm,diametre du pied:5.8cm<\/p>\n","protected":false},"featured_media":2150,"comment_status":"closed","ping_status":"closed","template":"","meta":{"_et_pb_use_builder":"","_et_pb_old_content":"","_et_gb_content_width":""},"product_cat":[10,11],"product_tag":[],"_links":{"self":[{"href":"https:\/\/marneantic.com\/index.php\/wp-json\/wp\/v2\/product\/2149"}],"collection":[{"href":"https:\/\/marneantic.com\/index.php\/wp-json\/wp\/v2\/product"}],"about":[{"href":"https:\/\/marneantic.com\/index.php\/wp-json\/wp\/v2\/types\/product"}],"replies":[{"embeddable":true,"href":"https:\/\/marneantic.com\/index.php\/wp-json\/wp\/v2\/comments?post=2149"}],"wp:featuredmedia":[{"embeddable":true,"href":"https:\/\/marneantic.com\/index.php\/wp-json\/wp\/v2\/media\/2150"}],"wp:attachment":[{"href":"https:\/\/marneantic.com\/index.php\/wp-json\/wp\/v2\/media?parent=2149"}],"wp:term":[{"taxonomy":"product_cat","embeddable":true,"href":"https:\/\/marneantic.com\/index.php\/wp-json\/wp\/v2\/product_cat?post=2149"},{"taxonomy":"product_tag","embeddable":true,"href":"https:\/\/marneantic.com\/index.php\/wp-json\/wp\/v2\/product_tag?post=2149"}],"curies":[{"name":"wp","href":"https:\/\/api.w.org\/{rel}","templated":true}]}}