{"id":21504,"date":"2023-11-27T15:46:29","date_gmt":"2023-11-27T14:46:29","guid":{"rendered":"https:\/\/marneantic.com\/?post_type=product&#038;p=21504"},"modified":"2023-11-27T15:48:49","modified_gmt":"2023-11-27T14:48:49","slug":"verre-a-absinthe-ancien-9","status":"publish","type":"product","link":"https:\/\/marneantic.com\/index.php\/produit\/verre-a-absinthe-ancien-9\/","title":{"rendered":"Verre \u00e0 absinthe ancien"},"content":{"rendered":"","protected":false},"excerpt":{"rendered":"<p>Verre \u00e0 absinthe ancien en bon \u00e9tat, d\u00e9cor a 12 pans coup\u00e9s, hauteur:14.5cm, diam\u00e8tre du buvant:7.2cm, diam\u00e8tre du pied: 7.5cm<\/p>\n","protected":false},"featured_media":21505,"comment_status":"closed","ping_status":"closed","template":"","meta":{"_et_pb_use_builder":"","_et_pb_old_content":"","_et_gb_content_width":""},"product_cat":[10,14,11],"product_tag":[],"_links":{"self":[{"href":"https:\/\/marneantic.com\/index.php\/wp-json\/wp\/v2\/product\/21504"}],"collection":[{"href":"https:\/\/marneantic.com\/index.php\/wp-json\/wp\/v2\/product"}],"about":[{"href":"https:\/\/marneantic.com\/index.php\/wp-json\/wp\/v2\/types\/product"}],"replies":[{"embeddable":true,"href":"https:\/\/marneantic.com\/index.php\/wp-json\/wp\/v2\/comments?post=21504"}],"wp:featuredmedia":[{"embeddable":true,"href":"https:\/\/marneantic.com\/index.php\/wp-json\/wp\/v2\/media\/21505"}],"wp:attachment":[{"href":"https:\/\/marneantic.com\/index.php\/wp-json\/wp\/v2\/media?parent=21504"}],"wp:term":[{"taxonomy":"product_cat","embeddable":true,"href":"https:\/\/marneantic.com\/index.php\/wp-json\/wp\/v2\/product_cat?post=21504"},{"taxonomy":"product_tag","embeddable":true,"href":"https:\/\/marneantic.com\/index.php\/wp-json\/wp\/v2\/product_tag?post=21504"}],"curies":[{"name":"wp","href":"https:\/\/api.w.org\/{rel}","templated":true}]}}