{"id":2151,"date":"2016-09-10T16:50:53","date_gmt":"2016-09-10T15:50:53","guid":{"rendered":"http:\/\/marneantic.com\/index.php\/produit\/verre-de-table-ancien-cisele-10-5cm\/"},"modified":"2020-11-18T17:43:04","modified_gmt":"2020-11-18T16:43:04","slug":"verre-de-table-ancien-cisele-10-5cm","status":"publish","type":"product","link":"https:\/\/marneantic.com\/index.php\/produit\/verre-de-table-ancien-cisele-10-5cm\/","title":{"rendered":"Verre de table ancien cisel\u00e9 10.5cm"},"content":{"rendered":"","protected":false},"excerpt":{"rendered":"<p>beau verre de table ancien cisel\u00e9(fin 19eme\/d\u00e9but 20eme) en tr\u00e8s bon \u00e9tat,cotes venitiennes et d\u00e9cor de torsades,hauteur:10.5cm,diam\u00e8tre du buvant:5.5cm,diametre du pied:5.1cm<\/p>\n","protected":false},"featured_media":2152,"comment_status":"closed","ping_status":"closed","template":"","meta":{"_et_pb_use_builder":"","_et_pb_old_content":"","_et_gb_content_width":""},"product_cat":[10,11],"product_tag":[],"_links":{"self":[{"href":"https:\/\/marneantic.com\/index.php\/wp-json\/wp\/v2\/product\/2151"}],"collection":[{"href":"https:\/\/marneantic.com\/index.php\/wp-json\/wp\/v2\/product"}],"about":[{"href":"https:\/\/marneantic.com\/index.php\/wp-json\/wp\/v2\/types\/product"}],"replies":[{"embeddable":true,"href":"https:\/\/marneantic.com\/index.php\/wp-json\/wp\/v2\/comments?post=2151"}],"wp:featuredmedia":[{"embeddable":true,"href":"https:\/\/marneantic.com\/index.php\/wp-json\/wp\/v2\/media\/2152"}],"wp:attachment":[{"href":"https:\/\/marneantic.com\/index.php\/wp-json\/wp\/v2\/media?parent=2151"}],"wp:term":[{"taxonomy":"product_cat","embeddable":true,"href":"https:\/\/marneantic.com\/index.php\/wp-json\/wp\/v2\/product_cat?post=2151"},{"taxonomy":"product_tag","embeddable":true,"href":"https:\/\/marneantic.com\/index.php\/wp-json\/wp\/v2\/product_tag?post=2151"}],"curies":[{"name":"wp","href":"https:\/\/api.w.org\/{rel}","templated":true}]}}