{"id":21562,"date":"2023-11-29T13:48:12","date_gmt":"2023-11-29T12:48:12","guid":{"rendered":"https:\/\/marneantic.com\/?post_type=product&#038;p=21562"},"modified":"2023-11-29T14:12:22","modified_gmt":"2023-11-29T13:12:22","slug":"nappe-ancienne-damassee-150x145cm6-serviettes","status":"publish","type":"product","link":"https:\/\/marneantic.com\/index.php\/produit\/nappe-ancienne-damassee-150x145cm6-serviettes\/","title":{"rendered":"Nappe ancienne damass\u00e9e 150x145cm+6 serviettes"},"content":{"rendered":"","protected":false},"excerpt":{"rendered":"<p><b>Nappe ancienne damass\u00e9e 150x145cm+6 serviettes 59x53cm en bon \u00e9tat. Linge lav\u00e9, v\u00e9rifi\u00e9 et repass\u00e9<\/b><\/p>\n","protected":false},"featured_media":21565,"comment_status":"open","ping_status":"closed","template":"","meta":{"_et_pb_use_builder":"","_et_pb_old_content":"","_et_gb_content_width":""},"product_cat":[33],"product_tag":[],"_links":{"self":[{"href":"https:\/\/marneantic.com\/index.php\/wp-json\/wp\/v2\/product\/21562"}],"collection":[{"href":"https:\/\/marneantic.com\/index.php\/wp-json\/wp\/v2\/product"}],"about":[{"href":"https:\/\/marneantic.com\/index.php\/wp-json\/wp\/v2\/types\/product"}],"replies":[{"embeddable":true,"href":"https:\/\/marneantic.com\/index.php\/wp-json\/wp\/v2\/comments?post=21562"}],"wp:featuredmedia":[{"embeddable":true,"href":"https:\/\/marneantic.com\/index.php\/wp-json\/wp\/v2\/media\/21565"}],"wp:attachment":[{"href":"https:\/\/marneantic.com\/index.php\/wp-json\/wp\/v2\/media?parent=21562"}],"wp:term":[{"taxonomy":"product_cat","embeddable":true,"href":"https:\/\/marneantic.com\/index.php\/wp-json\/wp\/v2\/product_cat?post=21562"},{"taxonomy":"product_tag","embeddable":true,"href":"https:\/\/marneantic.com\/index.php\/wp-json\/wp\/v2\/product_tag?post=21562"}],"curies":[{"name":"wp","href":"https:\/\/api.w.org\/{rel}","templated":true}]}}