{"id":21624,"date":"2023-12-05T15:07:40","date_gmt":"2023-12-05T14:07:40","guid":{"rendered":"https:\/\/marneantic.com\/?post_type=product&#038;p=21624"},"modified":"2026-03-10T08:17:00","modified_gmt":"2026-03-10T07:17:00","slug":"tasse-a-the-contemporaine-en-porcelaine-de-limoges-thierry-laine","status":"publish","type":"product","link":"https:\/\/marneantic.com\/index.php\/produit\/tasse-a-the-contemporaine-en-porcelaine-de-limoges-thierry-laine\/","title":{"rendered":"Tasse a th\u00e9 contemporaine en porcelaine de Limoges &#8211; Thierry lain\u00e9"},"content":{"rendered":"","protected":false},"excerpt":{"rendered":"<div>\n<div>\n<div>\n<p>Tasse a th\u00e9 contemporaine en porcelaine de Limoges &#8211; Thierry lain\u00e9, en \u00e9tat neuf<\/p>\n<div>tasse hauteur:5.3cm<\/div>\n<div>diametre:8cm<\/div>\n<div>diam\u00e8tre soucoupe:15.2cm<\/div>\n<\/div>\n<\/div>\n<\/div>\n<div><\/div>\n","protected":false},"featured_media":21625,"comment_status":"closed","ping_status":"closed","template":"","meta":{"_et_pb_use_builder":"","_et_pb_old_content":"","_et_gb_content_width":""},"product_cat":[26,7],"product_tag":[],"_links":{"self":[{"href":"https:\/\/marneantic.com\/index.php\/wp-json\/wp\/v2\/product\/21624"}],"collection":[{"href":"https:\/\/marneantic.com\/index.php\/wp-json\/wp\/v2\/product"}],"about":[{"href":"https:\/\/marneantic.com\/index.php\/wp-json\/wp\/v2\/types\/product"}],"replies":[{"embeddable":true,"href":"https:\/\/marneantic.com\/index.php\/wp-json\/wp\/v2\/comments?post=21624"}],"wp:featuredmedia":[{"embeddable":true,"href":"https:\/\/marneantic.com\/index.php\/wp-json\/wp\/v2\/media\/21625"}],"wp:attachment":[{"href":"https:\/\/marneantic.com\/index.php\/wp-json\/wp\/v2\/media?parent=21624"}],"wp:term":[{"taxonomy":"product_cat","embeddable":true,"href":"https:\/\/marneantic.com\/index.php\/wp-json\/wp\/v2\/product_cat?post=21624"},{"taxonomy":"product_tag","embeddable":true,"href":"https:\/\/marneantic.com\/index.php\/wp-json\/wp\/v2\/product_tag?post=21624"}],"curies":[{"name":"wp","href":"https:\/\/api.w.org\/{rel}","templated":true}]}}