{"id":21702,"date":"2023-12-09T16:00:34","date_gmt":"2023-12-09T15:00:34","guid":{"rendered":"https:\/\/marneantic.com\/?post_type=product&#038;p=21702"},"modified":"2023-12-09T16:12:59","modified_gmt":"2023-12-09T15:12:59","slug":"wedgwood-plat-de-service-en-porcelaine-modele-colorado","status":"publish","type":"product","link":"https:\/\/marneantic.com\/index.php\/produit\/wedgwood-plat-de-service-en-porcelaine-modele-colorado\/","title":{"rendered":"Wedgwood, plat de service en porcelaine mod\u00e8le Colorado"},"content":{"rendered":"","protected":false},"excerpt":{"rendered":"<p>Wedgwood, plat de service en porcelaine mod\u00e8le Colorado, en tr\u00e8s bon \u00e9tat, diametre:34cm,hauteur:3cm<\/p>\n","protected":false},"featured_media":21703,"comment_status":"closed","ping_status":"closed","template":"","meta":{"_et_pb_use_builder":"","_et_pb_old_content":"","_et_gb_content_width":""},"product_cat":[44,28,7],"product_tag":[],"_links":{"self":[{"href":"https:\/\/marneantic.com\/index.php\/wp-json\/wp\/v2\/product\/21702"}],"collection":[{"href":"https:\/\/marneantic.com\/index.php\/wp-json\/wp\/v2\/product"}],"about":[{"href":"https:\/\/marneantic.com\/index.php\/wp-json\/wp\/v2\/types\/product"}],"replies":[{"embeddable":true,"href":"https:\/\/marneantic.com\/index.php\/wp-json\/wp\/v2\/comments?post=21702"}],"wp:featuredmedia":[{"embeddable":true,"href":"https:\/\/marneantic.com\/index.php\/wp-json\/wp\/v2\/media\/21703"}],"wp:attachment":[{"href":"https:\/\/marneantic.com\/index.php\/wp-json\/wp\/v2\/media?parent=21702"}],"wp:term":[{"taxonomy":"product_cat","embeddable":true,"href":"https:\/\/marneantic.com\/index.php\/wp-json\/wp\/v2\/product_cat?post=21702"},{"taxonomy":"product_tag","embeddable":true,"href":"https:\/\/marneantic.com\/index.php\/wp-json\/wp\/v2\/product_tag?post=21702"}],"curies":[{"name":"wp","href":"https:\/\/api.w.org\/{rel}","templated":true}]}}