{"id":21754,"date":"2023-12-13T14:26:16","date_gmt":"2023-12-13T13:26:16","guid":{"rendered":"https:\/\/marneantic.com\/?post_type=product&#038;p=21754"},"modified":"2023-12-13T14:35:12","modified_gmt":"2023-12-13T13:35:12","slug":"nappe-ancienne-damassee-220x130cm-8-serviettes","status":"publish","type":"product","link":"https:\/\/marneantic.com\/index.php\/produit\/nappe-ancienne-damassee-220x130cm-8-serviettes\/","title":{"rendered":"Nappe ancienne damass\u00e9e 220x130cm + 8 serviettes"},"content":{"rendered":"","protected":false},"excerpt":{"rendered":"<p>Nappe ancienne damass\u00e9e 220x130cm + 8 serviettes\u00a0en bon \u00e9tat. Linge v\u00e9rifi\u00e9, lav\u00e9 et repass\u00e9, pr\u00e9sence de quelques petites taches qui ont \u00e9chapp\u00e9es a notre lavage<\/p>\n","protected":false},"featured_media":21756,"comment_status":"open","ping_status":"closed","template":"","meta":{"_et_pb_use_builder":"","_et_pb_old_content":"","_et_gb_content_width":""},"product_cat":[33],"product_tag":[],"_links":{"self":[{"href":"https:\/\/marneantic.com\/index.php\/wp-json\/wp\/v2\/product\/21754"}],"collection":[{"href":"https:\/\/marneantic.com\/index.php\/wp-json\/wp\/v2\/product"}],"about":[{"href":"https:\/\/marneantic.com\/index.php\/wp-json\/wp\/v2\/types\/product"}],"replies":[{"embeddable":true,"href":"https:\/\/marneantic.com\/index.php\/wp-json\/wp\/v2\/comments?post=21754"}],"wp:featuredmedia":[{"embeddable":true,"href":"https:\/\/marneantic.com\/index.php\/wp-json\/wp\/v2\/media\/21756"}],"wp:attachment":[{"href":"https:\/\/marneantic.com\/index.php\/wp-json\/wp\/v2\/media?parent=21754"}],"wp:term":[{"taxonomy":"product_cat","embeddable":true,"href":"https:\/\/marneantic.com\/index.php\/wp-json\/wp\/v2\/product_cat?post=21754"},{"taxonomy":"product_tag","embeddable":true,"href":"https:\/\/marneantic.com\/index.php\/wp-json\/wp\/v2\/product_tag?post=21754"}],"curies":[{"name":"wp","href":"https:\/\/api.w.org\/{rel}","templated":true}]}}