{"id":21772,"date":"2023-12-13T15:30:53","date_gmt":"2023-12-13T14:30:53","guid":{"rendered":"https:\/\/marneantic.com\/?post_type=product&#038;p=21772"},"modified":"2023-12-13T15:35:54","modified_gmt":"2023-12-13T14:35:54","slug":"plat-creux-en-porcelaine-de-chantilly-decore-main","status":"publish","type":"product","link":"https:\/\/marneantic.com\/index.php\/produit\/plat-creux-en-porcelaine-de-chantilly-decore-main\/","title":{"rendered":"Plat creux en porcelaine de Chantilly d\u00e9cor\u00e9 main"},"content":{"rendered":"","protected":false},"excerpt":{"rendered":"<p><b>Plat creux en porcelaine de Chantilly d\u00e9cor\u00e9 main, en tr\u00e8s\u00a0bon \u00e9tat<br \/>\n<\/b><\/p>\n<div><b>diam\u00e8tre: 30.3cm<\/b><\/div>\n<div><b>hauteur: 5.8cm<\/b><\/div>\n","protected":false},"featured_media":21773,"comment_status":"closed","ping_status":"closed","template":"","meta":{"_et_pb_use_builder":"","_et_pb_old_content":"","_et_gb_content_width":""},"product_cat":[28,7],"product_tag":[],"_links":{"self":[{"href":"https:\/\/marneantic.com\/index.php\/wp-json\/wp\/v2\/product\/21772"}],"collection":[{"href":"https:\/\/marneantic.com\/index.php\/wp-json\/wp\/v2\/product"}],"about":[{"href":"https:\/\/marneantic.com\/index.php\/wp-json\/wp\/v2\/types\/product"}],"replies":[{"embeddable":true,"href":"https:\/\/marneantic.com\/index.php\/wp-json\/wp\/v2\/comments?post=21772"}],"wp:featuredmedia":[{"embeddable":true,"href":"https:\/\/marneantic.com\/index.php\/wp-json\/wp\/v2\/media\/21773"}],"wp:attachment":[{"href":"https:\/\/marneantic.com\/index.php\/wp-json\/wp\/v2\/media?parent=21772"}],"wp:term":[{"taxonomy":"product_cat","embeddable":true,"href":"https:\/\/marneantic.com\/index.php\/wp-json\/wp\/v2\/product_cat?post=21772"},{"taxonomy":"product_tag","embeddable":true,"href":"https:\/\/marneantic.com\/index.php\/wp-json\/wp\/v2\/product_tag?post=21772"}],"curies":[{"name":"wp","href":"https:\/\/api.w.org\/{rel}","templated":true}]}}