{"id":21781,"date":"2023-12-14T14:02:47","date_gmt":"2023-12-14T13:02:47","guid":{"rendered":"https:\/\/marneantic.com\/?post_type=product&#038;p=21781"},"modified":"2023-12-14T14:07:06","modified_gmt":"2023-12-14T13:07:06","slug":"ancien-tablier-de-bonne-de-service-coton-blanc-brode-3","status":"publish","type":"product","link":"https:\/\/marneantic.com\/index.php\/produit\/ancien-tablier-de-bonne-de-service-coton-blanc-brode-3\/","title":{"rendered":"Ancien tablier de bonne \/ de service coton blanc brod\u00e9"},"content":{"rendered":"","protected":false},"excerpt":{"rendered":"<p><b>Ancien tablier de bonne \/ de service coton blanc brod\u00e9, en bon \u00e9tat<\/b><\/p>\n<div><b>hauteur bas\/bavette:68cm<\/b><\/div>\n<div><b>au plus large:37cm<\/b><\/div>\n<div><b>linge lav\u00e9 v\u00e9rifi\u00e9 et repass\u00e9<\/b><\/div>\n","protected":false},"featured_media":21782,"comment_status":"open","ping_status":"closed","template":"","meta":{"_et_pb_use_builder":"","_et_pb_old_content":"","_et_gb_content_width":""},"product_cat":[33],"product_tag":[],"_links":{"self":[{"href":"https:\/\/marneantic.com\/index.php\/wp-json\/wp\/v2\/product\/21781"}],"collection":[{"href":"https:\/\/marneantic.com\/index.php\/wp-json\/wp\/v2\/product"}],"about":[{"href":"https:\/\/marneantic.com\/index.php\/wp-json\/wp\/v2\/types\/product"}],"replies":[{"embeddable":true,"href":"https:\/\/marneantic.com\/index.php\/wp-json\/wp\/v2\/comments?post=21781"}],"wp:featuredmedia":[{"embeddable":true,"href":"https:\/\/marneantic.com\/index.php\/wp-json\/wp\/v2\/media\/21782"}],"wp:attachment":[{"href":"https:\/\/marneantic.com\/index.php\/wp-json\/wp\/v2\/media?parent=21781"}],"wp:term":[{"taxonomy":"product_cat","embeddable":true,"href":"https:\/\/marneantic.com\/index.php\/wp-json\/wp\/v2\/product_cat?post=21781"},{"taxonomy":"product_tag","embeddable":true,"href":"https:\/\/marneantic.com\/index.php\/wp-json\/wp\/v2\/product_tag?post=21781"}],"curies":[{"name":"wp","href":"https:\/\/api.w.org\/{rel}","templated":true}]}}