{"id":21785,"date":"2023-12-14T14:09:16","date_gmt":"2023-12-14T13:09:16","guid":{"rendered":"https:\/\/marneantic.com\/?post_type=product&#038;p=21785"},"modified":"2023-12-14T14:14:29","modified_gmt":"2023-12-14T13:14:29","slug":"timbale-ancienne-en-metal-argente-decor-enfantin","status":"publish","type":"product","link":"https:\/\/marneantic.com\/index.php\/produit\/timbale-ancienne-en-metal-argente-decor-enfantin\/","title":{"rendered":"Timbale ancienne en m\u00e9tal argent\u00e9, d\u00e9cor enfantin"},"content":{"rendered":"","protected":false},"excerpt":{"rendered":"<p>Timbale ancienne en m\u00e9tal argent\u00e9, d\u00e9cor enfantin, en tr\u00e8s bon \u00e9tat, hauteur:7.5cm,diametre:6cm<\/p>\n","protected":false},"featured_media":21786,"comment_status":"closed","ping_status":"closed","template":"","meta":{"_et_pb_use_builder":"","_et_pb_old_content":"","_et_gb_content_width":""},"product_cat":[13,12,10],"product_tag":[],"_links":{"self":[{"href":"https:\/\/marneantic.com\/index.php\/wp-json\/wp\/v2\/product\/21785"}],"collection":[{"href":"https:\/\/marneantic.com\/index.php\/wp-json\/wp\/v2\/product"}],"about":[{"href":"https:\/\/marneantic.com\/index.php\/wp-json\/wp\/v2\/types\/product"}],"replies":[{"embeddable":true,"href":"https:\/\/marneantic.com\/index.php\/wp-json\/wp\/v2\/comments?post=21785"}],"wp:featuredmedia":[{"embeddable":true,"href":"https:\/\/marneantic.com\/index.php\/wp-json\/wp\/v2\/media\/21786"}],"wp:attachment":[{"href":"https:\/\/marneantic.com\/index.php\/wp-json\/wp\/v2\/media?parent=21785"}],"wp:term":[{"taxonomy":"product_cat","embeddable":true,"href":"https:\/\/marneantic.com\/index.php\/wp-json\/wp\/v2\/product_cat?post=21785"},{"taxonomy":"product_tag","embeddable":true,"href":"https:\/\/marneantic.com\/index.php\/wp-json\/wp\/v2\/product_tag?post=21785"}],"curies":[{"name":"wp","href":"https:\/\/api.w.org\/{rel}","templated":true}]}}