{"id":21796,"date":"2023-12-14T14:43:47","date_gmt":"2023-12-14T13:43:47","guid":{"rendered":"https:\/\/marneantic.com\/?post_type=product&#038;p=21796"},"modified":"2023-12-14T14:53:32","modified_gmt":"2023-12-14T13:53:32","slug":"lot-de-6-verres-vintage-annees-50-60","status":"publish","type":"product","link":"https:\/\/marneantic.com\/index.php\/produit\/lot-de-6-verres-vintage-annees-50-60\/","title":{"rendered":"LOT DE 6 VERRES VINTAGE ANN\u00c9ES 50\/60&prime;"},"content":{"rendered":"","protected":false},"excerpt":{"rendered":"<div><\/div>\n<p><strong> LOT DE 6 VERRES VINTAGE ANN\u00c9ES 50\/60&prime; en tr\u00e8s bon \u00e9tat, 2 couleurs diff\u00e9rentes<\/strong><\/p>\n<div><strong><span style=\"font-family: Arial; font-size: large;\">hauteur:8.7cm<\/span><\/strong><\/div>\n<div><strong><span style=\"font-family: Arial; font-size: large;\">diametre:6.4cm<\/span><\/strong><\/div>\n","protected":false},"featured_media":21797,"comment_status":"open","ping_status":"closed","template":"","meta":{"_et_pb_use_builder":"","_et_pb_old_content":"","_et_gb_content_width":""},"product_cat":[10,16,11],"product_tag":[],"_links":{"self":[{"href":"https:\/\/marneantic.com\/index.php\/wp-json\/wp\/v2\/product\/21796"}],"collection":[{"href":"https:\/\/marneantic.com\/index.php\/wp-json\/wp\/v2\/product"}],"about":[{"href":"https:\/\/marneantic.com\/index.php\/wp-json\/wp\/v2\/types\/product"}],"replies":[{"embeddable":true,"href":"https:\/\/marneantic.com\/index.php\/wp-json\/wp\/v2\/comments?post=21796"}],"wp:featuredmedia":[{"embeddable":true,"href":"https:\/\/marneantic.com\/index.php\/wp-json\/wp\/v2\/media\/21797"}],"wp:attachment":[{"href":"https:\/\/marneantic.com\/index.php\/wp-json\/wp\/v2\/media?parent=21796"}],"wp:term":[{"taxonomy":"product_cat","embeddable":true,"href":"https:\/\/marneantic.com\/index.php\/wp-json\/wp\/v2\/product_cat?post=21796"},{"taxonomy":"product_tag","embeddable":true,"href":"https:\/\/marneantic.com\/index.php\/wp-json\/wp\/v2\/product_tag?post=21796"}],"curies":[{"name":"wp","href":"https:\/\/api.w.org\/{rel}","templated":true}]}}