{"id":21799,"date":"2023-12-14T15:02:36","date_gmt":"2023-12-14T14:02:36","guid":{"rendered":"https:\/\/marneantic.com\/?post_type=product&#038;p=21799"},"modified":"2025-04-16T07:41:12","modified_gmt":"2025-04-16T06:41:12","slug":"tasse-a-the-contemporaine-en-porcelaine-de-limoges-raynaud-modele-chene-pourpre","status":"publish","type":"product","link":"https:\/\/marneantic.com\/index.php\/produit\/tasse-a-the-contemporaine-en-porcelaine-de-limoges-raynaud-modele-chene-pourpre\/","title":{"rendered":"Tasse a th\u00e9 contemporaine en porcelaine de Limoges Raynaud &#8211; mod\u00e8le ch\u00eane pourpre"},"content":{"rendered":"","protected":false},"excerpt":{"rendered":"<div>\n<p>Tasse a th\u00e9 contemporaine en porcelaine de Limoges Raynaud &#8211; mod\u00e8le ch\u00eane pourpre en \u00e9tat neuf<\/p>\n<div>tasse hauteur:5.4cm<\/div>\n<div>diametre:7.7cm<\/div>\n<div>diam\u00e8tre soucoupe:14.6cm<\/div>\n<\/div>\n<div><\/div>\n","protected":false},"featured_media":21800,"comment_status":"closed","ping_status":"closed","template":"","meta":{"_et_pb_use_builder":"","_et_pb_old_content":"","_et_gb_content_width":""},"product_cat":[26,7],"product_tag":[],"_links":{"self":[{"href":"https:\/\/marneantic.com\/index.php\/wp-json\/wp\/v2\/product\/21799"}],"collection":[{"href":"https:\/\/marneantic.com\/index.php\/wp-json\/wp\/v2\/product"}],"about":[{"href":"https:\/\/marneantic.com\/index.php\/wp-json\/wp\/v2\/types\/product"}],"replies":[{"embeddable":true,"href":"https:\/\/marneantic.com\/index.php\/wp-json\/wp\/v2\/comments?post=21799"}],"wp:featuredmedia":[{"embeddable":true,"href":"https:\/\/marneantic.com\/index.php\/wp-json\/wp\/v2\/media\/21800"}],"wp:attachment":[{"href":"https:\/\/marneantic.com\/index.php\/wp-json\/wp\/v2\/media?parent=21799"}],"wp:term":[{"taxonomy":"product_cat","embeddable":true,"href":"https:\/\/marneantic.com\/index.php\/wp-json\/wp\/v2\/product_cat?post=21799"},{"taxonomy":"product_tag","embeddable":true,"href":"https:\/\/marneantic.com\/index.php\/wp-json\/wp\/v2\/product_tag?post=21799"}],"curies":[{"name":"wp","href":"https:\/\/api.w.org\/{rel}","templated":true}]}}