{"id":21815,"date":"2023-12-15T14:14:25","date_gmt":"2023-12-15T13:14:25","guid":{"rendered":"https:\/\/marneantic.com\/?post_type=product&#038;p=21815"},"modified":"2023-12-15T14:24:26","modified_gmt":"2023-12-15T13:24:26","slug":"suspension-ancienne-en-opaline-blanche-2","status":"publish","type":"product","link":"https:\/\/marneantic.com\/index.php\/produit\/suspension-ancienne-en-opaline-blanche-2\/","title":{"rendered":"Suspension ancienne en opaline blanche"},"content":{"rendered":"","protected":false},"excerpt":{"rendered":"<p>Suspension ancienne en opaline blanche et rebord transparent en tr\u00e8s bon \u00e9tat, \u00e9lectricit\u00e9 refaite, fournie sans ampoule, fil, de 45cm. Diam\u00e8tre: 24.5cm.<\/p>\n","protected":false},"featured_media":21820,"comment_status":"open","ping_status":"closed","template":"","meta":{"_et_pb_use_builder":"","_et_pb_old_content":"","_et_gb_content_width":""},"product_cat":[24,16],"product_tag":[],"_links":{"self":[{"href":"https:\/\/marneantic.com\/index.php\/wp-json\/wp\/v2\/product\/21815"}],"collection":[{"href":"https:\/\/marneantic.com\/index.php\/wp-json\/wp\/v2\/product"}],"about":[{"href":"https:\/\/marneantic.com\/index.php\/wp-json\/wp\/v2\/types\/product"}],"replies":[{"embeddable":true,"href":"https:\/\/marneantic.com\/index.php\/wp-json\/wp\/v2\/comments?post=21815"}],"wp:featuredmedia":[{"embeddable":true,"href":"https:\/\/marneantic.com\/index.php\/wp-json\/wp\/v2\/media\/21820"}],"wp:attachment":[{"href":"https:\/\/marneantic.com\/index.php\/wp-json\/wp\/v2\/media?parent=21815"}],"wp:term":[{"taxonomy":"product_cat","embeddable":true,"href":"https:\/\/marneantic.com\/index.php\/wp-json\/wp\/v2\/product_cat?post=21815"},{"taxonomy":"product_tag","embeddable":true,"href":"https:\/\/marneantic.com\/index.php\/wp-json\/wp\/v2\/product_tag?post=21815"}],"curies":[{"name":"wp","href":"https:\/\/api.w.org\/{rel}","templated":true}]}}