{"id":21855,"date":"2023-12-26T14:48:43","date_gmt":"2023-12-26T13:48:43","guid":{"rendered":"https:\/\/marneantic.com\/?post_type=product&#038;p=21855"},"modified":"2023-12-26T14:55:27","modified_gmt":"2023-12-26T13:55:27","slug":"taie-doreiller-demi-lune-de-berceau-ancienne-brodee-3","status":"publish","type":"product","link":"https:\/\/marneantic.com\/index.php\/produit\/taie-doreiller-demi-lune-de-berceau-ancienne-brodee-3\/","title":{"rendered":"Taie d&rsquo;oreiller demi-lune de berceau ancienne brod\u00e9e"},"content":{"rendered":"","protected":false},"excerpt":{"rendered":"<p>Taie d&rsquo;oreiller demi-lune de berceau ancienne brod\u00e9e, en tr\u00e8s bon \u00e9tat, linge v\u00e9rifi\u00e9 sortie d&rsquo;armoire ancienne, largeur:55cm, hauteur:39cm<\/p>\n","protected":false},"featured_media":21856,"comment_status":"open","ping_status":"closed","template":"","meta":{"_et_pb_use_builder":"","_et_pb_old_content":"","_et_gb_content_width":""},"product_cat":[33],"product_tag":[],"_links":{"self":[{"href":"https:\/\/marneantic.com\/index.php\/wp-json\/wp\/v2\/product\/21855"}],"collection":[{"href":"https:\/\/marneantic.com\/index.php\/wp-json\/wp\/v2\/product"}],"about":[{"href":"https:\/\/marneantic.com\/index.php\/wp-json\/wp\/v2\/types\/product"}],"replies":[{"embeddable":true,"href":"https:\/\/marneantic.com\/index.php\/wp-json\/wp\/v2\/comments?post=21855"}],"wp:featuredmedia":[{"embeddable":true,"href":"https:\/\/marneantic.com\/index.php\/wp-json\/wp\/v2\/media\/21856"}],"wp:attachment":[{"href":"https:\/\/marneantic.com\/index.php\/wp-json\/wp\/v2\/media?parent=21855"}],"wp:term":[{"taxonomy":"product_cat","embeddable":true,"href":"https:\/\/marneantic.com\/index.php\/wp-json\/wp\/v2\/product_cat?post=21855"},{"taxonomy":"product_tag","embeddable":true,"href":"https:\/\/marneantic.com\/index.php\/wp-json\/wp\/v2\/product_tag?post=21855"}],"curies":[{"name":"wp","href":"https:\/\/api.w.org\/{rel}","templated":true}]}}