{"id":21898,"date":"2023-12-27T14:50:43","date_gmt":"2023-12-27T13:50:43","guid":{"rendered":"https:\/\/marneantic.com\/?post_type=product&#038;p=21898"},"modified":"2023-12-27T14:58:16","modified_gmt":"2023-12-27T13:58:16","slug":"carafe-a-whisky-ancienne-en-cristal-taille","status":"publish","type":"product","link":"https:\/\/marneantic.com\/index.php\/produit\/carafe-a-whisky-ancienne-en-cristal-taille\/","title":{"rendered":"Carafe a whisky ancienne en cristal taill\u00e9"},"content":{"rendered":"","protected":false},"excerpt":{"rendered":"<p>Carafe a whisky ancienne en cristal taill\u00e9, en parfait \u00e9tat, hauteur totale:26cm,diametre:9.2cm<\/p>\n","protected":false},"featured_media":21899,"comment_status":"closed","ping_status":"closed","template":"","meta":{"_et_pb_use_builder":"","_et_pb_old_content":"","_et_gb_content_width":""},"product_cat":[10,11],"product_tag":[],"_links":{"self":[{"href":"https:\/\/marneantic.com\/index.php\/wp-json\/wp\/v2\/product\/21898"}],"collection":[{"href":"https:\/\/marneantic.com\/index.php\/wp-json\/wp\/v2\/product"}],"about":[{"href":"https:\/\/marneantic.com\/index.php\/wp-json\/wp\/v2\/types\/product"}],"replies":[{"embeddable":true,"href":"https:\/\/marneantic.com\/index.php\/wp-json\/wp\/v2\/comments?post=21898"}],"wp:featuredmedia":[{"embeddable":true,"href":"https:\/\/marneantic.com\/index.php\/wp-json\/wp\/v2\/media\/21899"}],"wp:attachment":[{"href":"https:\/\/marneantic.com\/index.php\/wp-json\/wp\/v2\/media?parent=21898"}],"wp:term":[{"taxonomy":"product_cat","embeddable":true,"href":"https:\/\/marneantic.com\/index.php\/wp-json\/wp\/v2\/product_cat?post=21898"},{"taxonomy":"product_tag","embeddable":true,"href":"https:\/\/marneantic.com\/index.php\/wp-json\/wp\/v2\/product_tag?post=21898"}],"curies":[{"name":"wp","href":"https:\/\/api.w.org\/{rel}","templated":true}]}}