{"id":21946,"date":"2023-12-29T15:07:59","date_gmt":"2023-12-29T14:07:59","guid":{"rendered":"https:\/\/marneantic.com\/?post_type=product&#038;p=21946"},"modified":"2025-04-11T19:48:15","modified_gmt":"2025-04-11T18:48:15","slug":"tasse-a-cafe-art-deco-ancienne-en-porcelaine-de-limoges-2","status":"publish","type":"product","link":"https:\/\/marneantic.com\/index.php\/produit\/tasse-a-cafe-art-deco-ancienne-en-porcelaine-de-limoges-2\/","title":{"rendered":"Tasse a caf\u00e9 art-d\u00e9co ancienne en porcelaine de Limoges"},"content":{"rendered":"","protected":false},"excerpt":{"rendered":"<p>tasse a caf\u00e9 art-d\u00e9co ancienne en porcelaine de Limoges ( manufacture MD ),d\u00e9cor floral stylis\u00e9, en tr\u00e8s bon \u00e9tat, tasse hauteur:6.2cm,diametre:7.1cm,diam\u00e8tre soucoupe:12.5cm<\/p>\n","protected":false},"featured_media":21947,"comment_status":"closed","ping_status":"closed","template":"","meta":{"_et_pb_use_builder":"","_et_pb_old_content":"","_et_gb_content_width":""},"product_cat":[44,26,7],"product_tag":[],"_links":{"self":[{"href":"https:\/\/marneantic.com\/index.php\/wp-json\/wp\/v2\/product\/21946"}],"collection":[{"href":"https:\/\/marneantic.com\/index.php\/wp-json\/wp\/v2\/product"}],"about":[{"href":"https:\/\/marneantic.com\/index.php\/wp-json\/wp\/v2\/types\/product"}],"replies":[{"embeddable":true,"href":"https:\/\/marneantic.com\/index.php\/wp-json\/wp\/v2\/comments?post=21946"}],"wp:featuredmedia":[{"embeddable":true,"href":"https:\/\/marneantic.com\/index.php\/wp-json\/wp\/v2\/media\/21947"}],"wp:attachment":[{"href":"https:\/\/marneantic.com\/index.php\/wp-json\/wp\/v2\/media?parent=21946"}],"wp:term":[{"taxonomy":"product_cat","embeddable":true,"href":"https:\/\/marneantic.com\/index.php\/wp-json\/wp\/v2\/product_cat?post=21946"},{"taxonomy":"product_tag","embeddable":true,"href":"https:\/\/marneantic.com\/index.php\/wp-json\/wp\/v2\/product_tag?post=21946"}],"curies":[{"name":"wp","href":"https:\/\/api.w.org\/{rel}","templated":true}]}}