{"id":21982,"date":"2024-01-03T14:34:12","date_gmt":"2024-01-03T13:34:12","guid":{"rendered":"https:\/\/marneantic.com\/?post_type=product&#038;p=21982"},"modified":"2026-02-14T08:48:47","modified_gmt":"2026-02-14T07:48:47","slug":"petite-assiette-19eme-en-faience-anglaise-davenport-modele-nankin","status":"publish","type":"product","link":"https:\/\/marneantic.com\/index.php\/produit\/petite-assiette-19eme-en-faience-anglaise-davenport-modele-nankin\/","title":{"rendered":"Petite assiette 19eme en fa\u00efence anglaise Davenport, mod\u00e8le Nankin"},"content":{"rendered":"","protected":false},"excerpt":{"rendered":"<p><span style=\"font-family: Arial;\">Petite assiette 19eme en fa\u00efence anglaise Davenport, mod\u00e8le Nankin, tr\u00e8s\u00a0bon \u00e9tat, pate brunie par endroits<br \/>\n<\/span><\/p>\n<div><span style=\"font-family: Arial;\">diam\u00e8tre:18.5cm<\/span><\/div>\n","protected":false},"featured_media":21983,"comment_status":"open","ping_status":"closed","template":"","meta":{"_et_pb_use_builder":"","_et_pb_old_content":"","_et_gb_content_width":""},"product_cat":[27],"product_tag":[],"_links":{"self":[{"href":"https:\/\/marneantic.com\/index.php\/wp-json\/wp\/v2\/product\/21982"}],"collection":[{"href":"https:\/\/marneantic.com\/index.php\/wp-json\/wp\/v2\/product"}],"about":[{"href":"https:\/\/marneantic.com\/index.php\/wp-json\/wp\/v2\/types\/product"}],"replies":[{"embeddable":true,"href":"https:\/\/marneantic.com\/index.php\/wp-json\/wp\/v2\/comments?post=21982"}],"wp:featuredmedia":[{"embeddable":true,"href":"https:\/\/marneantic.com\/index.php\/wp-json\/wp\/v2\/media\/21983"}],"wp:attachment":[{"href":"https:\/\/marneantic.com\/index.php\/wp-json\/wp\/v2\/media?parent=21982"}],"wp:term":[{"taxonomy":"product_cat","embeddable":true,"href":"https:\/\/marneantic.com\/index.php\/wp-json\/wp\/v2\/product_cat?post=21982"},{"taxonomy":"product_tag","embeddable":true,"href":"https:\/\/marneantic.com\/index.php\/wp-json\/wp\/v2\/product_tag?post=21982"}],"curies":[{"name":"wp","href":"https:\/\/api.w.org\/{rel}","templated":true}]}}