{"id":22046,"date":"2024-01-05T14:48:26","date_gmt":"2024-01-05T13:48:26","guid":{"rendered":"https:\/\/marneantic.com\/?post_type=product&#038;p=22046"},"modified":"2024-01-05T14:54:07","modified_gmt":"2024-01-05T13:54:07","slug":"drap-ancien-brode-monogramme310x225cm","status":"publish","type":"product","link":"https:\/\/marneantic.com\/index.php\/produit\/drap-ancien-brode-monogramme310x225cm\/","title":{"rendered":"Drap ancien brod\u00e9, monogramm\u00e9:310x225cm"},"content":{"rendered":"","protected":false},"excerpt":{"rendered":"<p><b>drap ancien brod\u00e9, monogramm\u00e9 AH avec broderie de jours au retour :310x225cm,en tr\u00e8s bon \u00e9tat, linge lav\u00e9, v\u00e9rifi\u00e9 et repass\u00e9<\/b>, sortie d&rsquo;armoire ancienne<\/p>\n","protected":false},"featured_media":22047,"comment_status":"open","ping_status":"closed","template":"","meta":{"_et_pb_use_builder":"","_et_pb_old_content":"","_et_gb_content_width":""},"product_cat":[33],"product_tag":[],"_links":{"self":[{"href":"https:\/\/marneantic.com\/index.php\/wp-json\/wp\/v2\/product\/22046"}],"collection":[{"href":"https:\/\/marneantic.com\/index.php\/wp-json\/wp\/v2\/product"}],"about":[{"href":"https:\/\/marneantic.com\/index.php\/wp-json\/wp\/v2\/types\/product"}],"replies":[{"embeddable":true,"href":"https:\/\/marneantic.com\/index.php\/wp-json\/wp\/v2\/comments?post=22046"}],"wp:featuredmedia":[{"embeddable":true,"href":"https:\/\/marneantic.com\/index.php\/wp-json\/wp\/v2\/media\/22047"}],"wp:attachment":[{"href":"https:\/\/marneantic.com\/index.php\/wp-json\/wp\/v2\/media?parent=22046"}],"wp:term":[{"taxonomy":"product_cat","embeddable":true,"href":"https:\/\/marneantic.com\/index.php\/wp-json\/wp\/v2\/product_cat?post=22046"},{"taxonomy":"product_tag","embeddable":true,"href":"https:\/\/marneantic.com\/index.php\/wp-json\/wp\/v2\/product_tag?post=22046"}],"curies":[{"name":"wp","href":"https:\/\/api.w.org\/{rel}","templated":true}]}}