{"id":22052,"date":"2024-01-08T13:31:04","date_gmt":"2024-01-08T12:31:04","guid":{"rendered":"https:\/\/marneantic.com\/?post_type=product&#038;p=22052"},"modified":"2024-01-08T13:40:01","modified_gmt":"2024-01-08T12:40:01","slug":"taie-doreiller-ancienne-brodee-69x62cm","status":"publish","type":"product","link":"https:\/\/marneantic.com\/index.php\/produit\/taie-doreiller-ancienne-brodee-69x62cm\/","title":{"rendered":"Taie d&rsquo;oreiller ancienne brod\u00e9e :69x62cm"},"content":{"rendered":"","protected":false},"excerpt":{"rendered":"<p>Taie d&rsquo;oreiller ancienne en coton brod\u00e9 :dimension totale69x62cm,en tr\u00e8s bon \u00e9tat<br \/>\nlinge v\u00e9rifi\u00e9, lav\u00e9 et repass\u00e9<\/p>\n","protected":false},"featured_media":22055,"comment_status":"open","ping_status":"closed","template":"","meta":{"_et_pb_use_builder":"","_et_pb_old_content":"","_et_gb_content_width":""},"product_cat":[33],"product_tag":[],"_links":{"self":[{"href":"https:\/\/marneantic.com\/index.php\/wp-json\/wp\/v2\/product\/22052"}],"collection":[{"href":"https:\/\/marneantic.com\/index.php\/wp-json\/wp\/v2\/product"}],"about":[{"href":"https:\/\/marneantic.com\/index.php\/wp-json\/wp\/v2\/types\/product"}],"replies":[{"embeddable":true,"href":"https:\/\/marneantic.com\/index.php\/wp-json\/wp\/v2\/comments?post=22052"}],"wp:featuredmedia":[{"embeddable":true,"href":"https:\/\/marneantic.com\/index.php\/wp-json\/wp\/v2\/media\/22055"}],"wp:attachment":[{"href":"https:\/\/marneantic.com\/index.php\/wp-json\/wp\/v2\/media?parent=22052"}],"wp:term":[{"taxonomy":"product_cat","embeddable":true,"href":"https:\/\/marneantic.com\/index.php\/wp-json\/wp\/v2\/product_cat?post=22052"},{"taxonomy":"product_tag","embeddable":true,"href":"https:\/\/marneantic.com\/index.php\/wp-json\/wp\/v2\/product_tag?post=22052"}],"curies":[{"name":"wp","href":"https:\/\/api.w.org\/{rel}","templated":true}]}}