{"id":22064,"date":"2024-01-08T14:10:04","date_gmt":"2024-01-08T13:10:04","guid":{"rendered":"https:\/\/marneantic.com\/?post_type=product&#038;p=22064"},"modified":"2024-10-20T08:28:46","modified_gmt":"2024-10-20T07:28:46","slug":"tasse-a-cafe-ancienne-en-porcelaine-de-limoges-13","status":"publish","type":"product","link":"https:\/\/marneantic.com\/index.php\/produit\/tasse-a-cafe-ancienne-en-porcelaine-de-limoges-13\/","title":{"rendered":"Tasse a caf\u00e9 ancienne en porcelaine de Limoges"},"content":{"rendered":"","protected":false},"excerpt":{"rendered":"<div>\n<div><\/div>\n<\/div>\n<div><\/div>\n<div>\n<p>Tasse \u00e0 caf\u00e9 ancienne en porcelaine de Limoges, manufacture Legrand vers 1925 en tr\u00e8s bon \u00e9tat<\/p>\n<div>hauteur:6.7cm<\/div>\n<div>diametre:6.7cm<\/div>\n<div>diam\u00e8tre soucoupe:13.9cm<\/div>\n<\/div>\n","protected":false},"featured_media":22067,"comment_status":"closed","ping_status":"closed","template":"","meta":{"_et_pb_use_builder":"","_et_pb_old_content":"","_et_gb_content_width":""},"product_cat":[26,7],"product_tag":[],"_links":{"self":[{"href":"https:\/\/marneantic.com\/index.php\/wp-json\/wp\/v2\/product\/22064"}],"collection":[{"href":"https:\/\/marneantic.com\/index.php\/wp-json\/wp\/v2\/product"}],"about":[{"href":"https:\/\/marneantic.com\/index.php\/wp-json\/wp\/v2\/types\/product"}],"replies":[{"embeddable":true,"href":"https:\/\/marneantic.com\/index.php\/wp-json\/wp\/v2\/comments?post=22064"}],"wp:featuredmedia":[{"embeddable":true,"href":"https:\/\/marneantic.com\/index.php\/wp-json\/wp\/v2\/media\/22067"}],"wp:attachment":[{"href":"https:\/\/marneantic.com\/index.php\/wp-json\/wp\/v2\/media?parent=22064"}],"wp:term":[{"taxonomy":"product_cat","embeddable":true,"href":"https:\/\/marneantic.com\/index.php\/wp-json\/wp\/v2\/product_cat?post=22064"},{"taxonomy":"product_tag","embeddable":true,"href":"https:\/\/marneantic.com\/index.php\/wp-json\/wp\/v2\/product_tag?post=22064"}],"curies":[{"name":"wp","href":"https:\/\/api.w.org\/{rel}","templated":true}]}}