{"id":22068,"date":"2024-01-08T14:28:55","date_gmt":"2024-01-08T13:28:55","guid":{"rendered":"https:\/\/marneantic.com\/?post_type=product&#038;p=22068"},"modified":"2024-01-08T14:30:57","modified_gmt":"2024-01-08T13:30:57","slug":"tasse-a-cafe-ancienne-en-porcelaine-fine","status":"publish","type":"product","link":"https:\/\/marneantic.com\/index.php\/produit\/tasse-a-cafe-ancienne-en-porcelaine-fine\/","title":{"rendered":"tasse \u00e0 caf\u00e9 ancienne en porcelaine fine"},"content":{"rendered":"","protected":false},"excerpt":{"rendered":"<div>\n<div><span style=\"font-size: large;\"><span style=\"color: #666666; font-family: Open Sans, Arial, sans-serif;\">tasse \u00e0 caf\u00e9 ancienne en porcelaine fine r\u00e9hauss\u00e9e a l&rsquo;\u00e9mail(fabrique inconnue, marquage d&rsquo;un magasin de Clermont-Ferrand),en bon \u00e9tat<\/span><\/span><\/p>\n<div><span style=\"font-size: large;\">tasse diametre:6.7cm<\/span><\/div>\n<div><span style=\"font-size: large;\">hauteur:6.4cm<\/span><\/div>\n<div><span style=\"font-size: large;\">soucoupe diametre:13cm<\/span><\/div>\n<div><\/div>\n<\/div>\n<\/div>\n<div><\/div>\n<div>\n<div><\/div>\n<div><\/div>\n<\/div>\n","protected":false},"featured_media":22071,"comment_status":"closed","ping_status":"closed","template":"","meta":{"_et_pb_use_builder":"","_et_pb_old_content":"","_et_gb_content_width":""},"product_cat":[26,7],"product_tag":[],"_links":{"self":[{"href":"https:\/\/marneantic.com\/index.php\/wp-json\/wp\/v2\/product\/22068"}],"collection":[{"href":"https:\/\/marneantic.com\/index.php\/wp-json\/wp\/v2\/product"}],"about":[{"href":"https:\/\/marneantic.com\/index.php\/wp-json\/wp\/v2\/types\/product"}],"replies":[{"embeddable":true,"href":"https:\/\/marneantic.com\/index.php\/wp-json\/wp\/v2\/comments?post=22068"}],"wp:featuredmedia":[{"embeddable":true,"href":"https:\/\/marneantic.com\/index.php\/wp-json\/wp\/v2\/media\/22071"}],"wp:attachment":[{"href":"https:\/\/marneantic.com\/index.php\/wp-json\/wp\/v2\/media?parent=22068"}],"wp:term":[{"taxonomy":"product_cat","embeddable":true,"href":"https:\/\/marneantic.com\/index.php\/wp-json\/wp\/v2\/product_cat?post=22068"},{"taxonomy":"product_tag","embeddable":true,"href":"https:\/\/marneantic.com\/index.php\/wp-json\/wp\/v2\/product_tag?post=22068"}],"curies":[{"name":"wp","href":"https:\/\/api.w.org\/{rel}","templated":true}]}}