{"id":22098,"date":"2024-01-08T15:53:56","date_gmt":"2024-01-08T14:53:56","guid":{"rendered":"https:\/\/marneantic.com\/?post_type=product&#038;p=22098"},"modified":"2024-01-08T16:02:51","modified_gmt":"2024-01-08T15:02:51","slug":"plat-a-gateau-entremet-ancien-en-porcelaine","status":"publish","type":"product","link":"https:\/\/marneantic.com\/index.php\/produit\/plat-a-gateau-entremet-ancien-en-porcelaine\/","title":{"rendered":"Plat a g\u00e2teau\/entremet ancien en porcelaine"},"content":{"rendered":"","protected":false},"excerpt":{"rendered":"<p>Plat a g\u00e2teau\/entremet ancien en porcelaine, beau d\u00e9cor r\u00e9hauss\u00e9 a l&rsquo;\u00e9mail, en bon \u00e9tat(usure de la dorure sur les rebords par endroits), diametre:24cm hors poign\u00e9es,hauteur:1.5cm<\/p>\n","protected":false},"featured_media":22099,"comment_status":"closed","ping_status":"closed","template":"","meta":{"_et_pb_use_builder":"","_et_pb_old_content":"","_et_gb_content_width":""},"product_cat":[28,7],"product_tag":[],"_links":{"self":[{"href":"https:\/\/marneantic.com\/index.php\/wp-json\/wp\/v2\/product\/22098"}],"collection":[{"href":"https:\/\/marneantic.com\/index.php\/wp-json\/wp\/v2\/product"}],"about":[{"href":"https:\/\/marneantic.com\/index.php\/wp-json\/wp\/v2\/types\/product"}],"replies":[{"embeddable":true,"href":"https:\/\/marneantic.com\/index.php\/wp-json\/wp\/v2\/comments?post=22098"}],"wp:featuredmedia":[{"embeddable":true,"href":"https:\/\/marneantic.com\/index.php\/wp-json\/wp\/v2\/media\/22099"}],"wp:attachment":[{"href":"https:\/\/marneantic.com\/index.php\/wp-json\/wp\/v2\/media?parent=22098"}],"wp:term":[{"taxonomy":"product_cat","embeddable":true,"href":"https:\/\/marneantic.com\/index.php\/wp-json\/wp\/v2\/product_cat?post=22098"},{"taxonomy":"product_tag","embeddable":true,"href":"https:\/\/marneantic.com\/index.php\/wp-json\/wp\/v2\/product_tag?post=22098"}],"curies":[{"name":"wp","href":"https:\/\/api.w.org\/{rel}","templated":true}]}}