{"id":22159,"date":"2024-01-10T14:46:14","date_gmt":"2024-01-10T13:46:14","guid":{"rendered":"https:\/\/marneantic.com\/?post_type=product&#038;p=22159"},"modified":"2024-01-10T14:57:20","modified_gmt":"2024-01-10T13:57:20","slug":"nappe-ancienne-damassee-230x160cm","status":"publish","type":"product","link":"https:\/\/marneantic.com\/index.php\/produit\/nappe-ancienne-damassee-230x160cm\/","title":{"rendered":"Nappe ancienne damass\u00e9e 230x160cm"},"content":{"rendered":"","protected":false},"excerpt":{"rendered":"<p><b>Nappe ancienne damass\u00e9e, d\u00e9cor v\u00e9g\u00e9tal et rebords avec jour, 230x160cm en bon \u00e9tat. Linge lav\u00e9, v\u00e9rifi\u00e9 et repass\u00e9 sortie d&rsquo;armoire ancienne, plusieurs petites taches brunes ont \u00e9chapp\u00e9es a notre lavage<\/b><\/p>\n","protected":false},"featured_media":22165,"comment_status":"open","ping_status":"closed","template":"","meta":{"_et_pb_use_builder":"","_et_pb_old_content":"","_et_gb_content_width":""},"product_cat":[33],"product_tag":[],"_links":{"self":[{"href":"https:\/\/marneantic.com\/index.php\/wp-json\/wp\/v2\/product\/22159"}],"collection":[{"href":"https:\/\/marneantic.com\/index.php\/wp-json\/wp\/v2\/product"}],"about":[{"href":"https:\/\/marneantic.com\/index.php\/wp-json\/wp\/v2\/types\/product"}],"replies":[{"embeddable":true,"href":"https:\/\/marneantic.com\/index.php\/wp-json\/wp\/v2\/comments?post=22159"}],"wp:featuredmedia":[{"embeddable":true,"href":"https:\/\/marneantic.com\/index.php\/wp-json\/wp\/v2\/media\/22165"}],"wp:attachment":[{"href":"https:\/\/marneantic.com\/index.php\/wp-json\/wp\/v2\/media?parent=22159"}],"wp:term":[{"taxonomy":"product_cat","embeddable":true,"href":"https:\/\/marneantic.com\/index.php\/wp-json\/wp\/v2\/product_cat?post=22159"},{"taxonomy":"product_tag","embeddable":true,"href":"https:\/\/marneantic.com\/index.php\/wp-json\/wp\/v2\/product_tag?post=22159"}],"curies":[{"name":"wp","href":"https:\/\/api.w.org\/{rel}","templated":true}]}}